{"id":664,"date":"2021-06-29T15:18:28","date_gmt":"2021-06-29T15:18:28","guid":{"rendered":"https:\/\/clement.nddesign.ca\/a-propos-de"},"modified":"2021-06-30T14:05:05","modified_gmt":"2021-06-30T14:05:05","slug":"a-propos-de","status":"publish","type":"page","link":"https:\/\/clementchauffage.com\/fr\/a-propos-de","title":{"rendered":"\u00c0 propos de"},"content":{"rendered":"<p>[et_pb_section fb_built=\u00a0\u00bb1&Prime; _builder_version=\u00a0\u00bb4.9.4&Prime; _module_preset=\u00a0\u00bbdefault\u00a0\u00bb background_image=\u00a0\u00bbhttps:\/\/clementchauffage.com\/wp-content\/uploads\/2021\/05\/background-gold.jpg\u00a0\u00bb custom_padding=\u00a0\u00bb50px||50px||false|false\u00a0\u00bb][et_pb_row _builder_version=\u00a0\u00bb4.9.4&Prime; _module_preset=\u00a0\u00bbdefault\u00a0\u00bb][et_pb_column type=\u00a0\u00bb4_4&Prime; _builder_version=\u00a0\u00bb4.9.4&Prime; _module_preset=\u00a0\u00bbdefault\u00a0\u00bb][et_pb_text _builder_version=\u00a0\u00bb4.9.4&Prime; _module_preset=\u00a0\u00bbdefault\u00a0\u00bb header_font=\u00a0\u00bb|800|||||||\u00a0\u00bb header_text_align=\u00a0\u00bbcenter\u00a0\u00bb header_text_color=\u00a0\u00bb#FFFFFF\u00a0\u00bb header_text_shadow_style=\u00a0\u00bbpreset3&Prime; header_text_shadow_color=\u00a0\u00bb#916f00&Prime;]<\/p>\n<h1>\t\u00c0 propos de Clement Chauffage \u2014 Vos sp\u00e9cialistes CVCR dans Prescott-Russell<\/h1>\n<p>[\/et_pb_text][\/et_pb_column][\/et_pb_row][\/et_pb_section][et_pb_section fb_built=\u00a0\u00bb1&Prime; _builder_version=\u00a0\u00bb4.9.4&Prime; _module_preset=\u00a0\u00bbdefault\u00a0\u00bb custom_padding=\u00a0\u00bb||0px||false|false\u00a0\u00bb][et_pb_row column_structure=\u00a0\u00bb1_2,1_2&Prime; use_custom_gutter=\u00a0\u00bbon\u00a0\u00bb gutter_width=\u00a0\u00bb2&Prime; _builder_version=\u00a0\u00bb4.9.4&Prime; _module_preset=\u00a0\u00bbdefault\u00a0\u00bb][et_pb_column type=\u00a0\u00bb1_2&Prime; _builder_version=\u00a0\u00bb4.9.4&Prime; _module_preset=\u00a0\u00bbdefault\u00a0\u00bb][et_pb_text _builder_version=\u00a0\u00bb4.9.4&Prime; _module_preset=\u00a0\u00bbdefault\u00a0\u00bb]<\/p>\n<p>Chez Clement Chauffage, nous nous effor\u00e7ons de d\u00e9passer vos attentes quant \u00e0 vos besoins en chauffage et climatisation. Nos \u00e9quipes professionnelles apportent plus que les outils du m\u00e9tier. Ils sont bien inform\u00e9s et cherchent toujours des fa\u00e7ons de mettre en place des solutions efficaces et \u00e9conomiques, pour que vous tiriez le meilleur parti de votre syst\u00e8me CVCR sans d\u00e9penser une fortune.<\/p>\n<p>Notre mission est d&rsquo;apporter \u00e0 tous ceux que nous rencontrons le meilleur service possible. Nous parlons avec honn\u00eatet\u00e9 et transparence de nos pratiques, de nos prix et de notre ex\u00e9cution. Et nous nous surpasserons pour rendre votre commerce ou votre r\u00e9sidence plus confortable que jamais.<\/p>\n<p>Clement Chauffage est bien \u00e9tabli dans la communaut\u00e9. Gerard Clement a commenc\u00e9 comme technicien OBT-1 de la m\u00e9canique des syst\u00e8mes \u00e0 l&rsquo;huile en 1972. Il s&rsquo;est sp\u00e9cialis\u00e9 dans le service, l&rsquo;entretien et l&rsquo;installation des fournaises \u00e0 l&rsquo;huile (mazout). En 1998, son fils Eric Clement s&rsquo;est joint \u00e0 lui \u00e0 temps plein. En 2001, Eric a pris la rel\u00e8ve de l&rsquo;entreprise et son exp\u00e9rience comprend l&rsquo;huile (mazout), le propane, le gaz naturel, les po\u00eales \u00e0 bois, la ventilation, le VRC radiant, les r\u00e9servoirs \u00e0 eau chaude et les syst\u00e8mes sans r\u00e9servoir.<\/p>\n<p>[\/et_pb_text][\/et_pb_column][et_pb_column type=\u00a0\u00bb1_2&Prime; _builder_version=\u00a0\u00bb4.9.4&Prime; _module_preset=\u00a0\u00bbdefault\u00a0\u00bb][et_pb_image src=\u00a0\u00bbhttps:\/\/clementchauffage.com\/wp-content\/uploads\/2021\/06\/comfortable-home.jpg\u00a0\u00bb alt=\u00a0\u00bbComfortable Home\u00a0\u00bb title_text=\u00a0\u00bbcomfortable-home\u00a0\u00bb _builder_version=\u00a0\u00bb4.9.7&Prime; _module_preset=\u00a0\u00bbdefault\u00a0\u00bb][\/et_pb_image][\/et_pb_column][\/et_pb_row][et_pb_row _builder_version=\u00a0\u00bb4.9.4&Prime; _module_preset=\u00a0\u00bbdefault\u00a0\u00bb custom_padding=\u00a0\u00bb||0px||false|false\u00a0\u00bb][et_pb_column type=\u00a0\u00bb4_4&Prime; _builder_version=\u00a0\u00bb4.9.4&Prime; _module_preset=\u00a0\u00bbdefault\u00a0\u00bb][et_pb_divider divider_weight=\u00a0\u00bb4px\u00a0\u00bb _builder_version=\u00a0\u00bb4.9.4&Prime; _module_preset=\u00a0\u00bbdefault\u00a0\u00bb width=\u00a0\u00bb50%\u00a0\u00bb module_alignment=\u00a0\u00bbcenter\u00a0\u00bb][\/et_pb_divider][\/et_pb_column][\/et_pb_row][\/et_pb_section][et_pb_section fb_built=\u00a0\u00bb1&Prime; _builder_version=\u00a0\u00bb4.9.4&Prime; _module_preset=\u00a0\u00bbdefault\u00a0\u00bb custom_padding=\u00a0\u00bb20px||0px||false|false\u00a0\u00bb][et_pb_row _builder_version=\u00a0\u00bb4.9.4&Prime; _module_preset=\u00a0\u00bbdefault\u00a0\u00bb][et_pb_column type=\u00a0\u00bb4_4&Prime; _builder_version=\u00a0\u00bb4.9.4&Prime; _module_preset=\u00a0\u00bbdefault\u00a0\u00bb][et_pb_text _builder_version=\u00a0\u00bb4.9.4&Prime; _module_preset=\u00a0\u00bbdefault\u00a0\u00bb header_2_font=\u00a0\u00bb|800|||||||\u00a0\u00bb header_2_text_align=\u00a0\u00bbcenter\u00a0\u00bb]<\/p>\n<h2>NOTRE \u00c9QUIPE CVCR<\/h2>\n<p>[\/et_pb_text][\/et_pb_column][\/et_pb_row][et_pb_row column_structure=\u00a0\u00bb1_2,1_2&Prime; make_equal=\u00a0\u00bbon\u00a0\u00bb _builder_version=\u00a0\u00bb4.9.7&Prime; _module_preset=\u00a0\u00bbdefault\u00a0\u00bb hover_enabled=\u00a0\u00bb0&Prime; sticky_enabled=\u00a0\u00bb0&Prime;][et_pb_column type=\u00a0\u00bb1_2&Prime; _builder_version=\u00a0\u00bb4.9.7&Prime; _module_preset=\u00a0\u00bbdefault\u00a0\u00bb hover_enabled=\u00a0\u00bb0&Prime; custom_css_main_element=\u00a0\u00bbmargin: auto auto 0;\u00a0\u00bb sticky_enabled=\u00a0\u00bb0&Prime;][et_pb_text _builder_version=\u00a0\u00bb4.9.4&Prime; _module_preset=\u00a0\u00bbdefault\u00a0\u00bb]<\/p>\n<p>Les techniciens de Clement Chauffage ont beaucoup \u00e0 offrir. Nous croyons que le bon service commence par les meilleurs employ\u00e9s. C&rsquo;est pourquoi chacun de nos techniciens est tr\u00e8s bien form\u00e9 et est certifi\u00e9. De plus, nous insistons sur un comportement professionnel, courtois et respectueux. Nos techniciens traiteront votre maison comme la leur et c&rsquo;est avec plaisir qu&rsquo;ils discuteront avec vous de toutes les options disponibles.<\/p>\n<p>[\/et_pb_text][et_pb_image src=\u00a0\u00bbhttps:\/\/clementchauffage.com\/wp-content\/uploads\/2021\/05\/technician.jpg\u00a0\u00bb title_text=\u00a0\u00bbtechnician\u00a0\u00bb _builder_version=\u00a0\u00bb4.9.4&Prime; _module_preset=\u00a0\u00bbdefault\u00a0\u00bb][\/et_pb_image][\/et_pb_column][et_pb_column type=\u00a0\u00bb1_2&Prime; _builder_version=\u00a0\u00bb4.9.7&Prime; _module_preset=\u00a0\u00bbdefault\u00a0\u00bb background_color=\u00a0\u00bb#faf1e0&Prime; custom_padding=\u00a0\u00bb80px|50px|80px|50px|true|true\u00a0\u00bb hover_enabled=\u00a0\u00bb0&Prime; custom_css_main_element=\u00a0\u00bbmargin: auto auto 0;\u00a0\u00bb sticky_enabled=\u00a0\u00bb0&Prime;][et_pb_text module_class=\u00a0\u00bbcheckmark_bullets\u00a0\u00bb _builder_version=\u00a0\u00bb4.9.4&Prime; _module_preset=\u00a0\u00bbdefault\u00a0\u00bb header_3_font_size=\u00a0\u00bb23px\u00a0\u00bb]<\/p>\n<h3>Voici quelques \u00e9l\u00e9ments distinctifs de notre entreprise:<\/h3>\n<p>&nbsp;<\/p>\n<ul>\n<li>Techniciens tr\u00e8s bien form\u00e9s et certifi\u00e9s<\/li>\n<li>Repr\u00e9sentants courtois<\/li>\n<li>Entreprise familiale d&rsquo;excellente r\u00e9putation depuis deux g\u00e9n\u00e9rations<\/li>\n<li>Entrepreneur CVCR accr\u00e9dit\u00e9, cautionn\u00e9 et assur\u00e9 <\/li>\n<li>Un demi-si\u00e8cle en affaires<\/li>\n<li>Service \u00e0 la client\u00e8le sup\u00e9rieur <\/li>\n<li>Service d&rsquo;urgence<\/li>\n<li>Uniquement des pi\u00e8ces et \u00e9quipement de premi\u00e8re qualit\u00e9 <\/li>\n<li>Note A+ BBB obtenue du Heating, Refrigeration and Air Conditioning Institute of Canada (<span><a href=\"https:\/\/www.hrai.ca\/\" target=\"_blank\" rel=\"noopener\">HRAI<\/a><\/span>)<\/li>\n<\/ul>\n<p>[\/et_pb_text][\/et_pb_column][\/et_pb_row][et_pb_row _builder_version=\u00a0\u00bb4.9.4&Prime; _module_preset=\u00a0\u00bbdefault\u00a0\u00bb custom_padding=\u00a0\u00bb||0px||false|false\u00a0\u00bb][et_pb_column type=\u00a0\u00bb4_4&Prime; _builder_version=\u00a0\u00bb4.9.4&Prime; _module_preset=\u00a0\u00bbdefault\u00a0\u00bb][et_pb_divider divider_weight=\u00a0\u00bb4px\u00a0\u00bb _builder_version=\u00a0\u00bb4.9.4&Prime; _module_preset=\u00a0\u00bbdefault\u00a0\u00bb width=\u00a0\u00bb50%\u00a0\u00bb module_alignment=\u00a0\u00bbcenter\u00a0\u00bb][\/et_pb_divider][\/et_pb_column][\/et_pb_row][\/et_pb_section][et_pb_section fb_built=\u00a0\u00bb1&Prime; _builder_version=\u00a0\u00bb4.9.4&Prime; _module_preset=\u00a0\u00bbdefault\u00a0\u00bb custom_padding=\u00a0\u00bb20px||||false|false\u00a0\u00bb][et_pb_row _builder_version=\u00a0\u00bb4.9.4&Prime; _module_preset=\u00a0\u00bbdefault\u00a0\u00bb][et_pb_column type=\u00a0\u00bb4_4&Prime; _builder_version=\u00a0\u00bb4.9.4&Prime; _module_preset=\u00a0\u00bbdefault\u00a0\u00bb][et_pb_text _builder_version=\u00a0\u00bb4.9.4&Prime; _module_preset=\u00a0\u00bbdefault\u00a0\u00bb header_2_font=\u00a0\u00bb|800|||||||\u00a0\u00bb header_2_text_align=\u00a0\u00bbcenter\u00a0\u00bb]<\/p>\n<h2>NOS SERVICES DE CHAUFFAGE ET CLIMATISATION<\/h2>\n<p>[\/et_pb_text][\/et_pb_column][\/et_pb_row][et_pb_row column_structure=\u00a0\u00bb1_2,1_2&Prime; make_equal=\u00a0\u00bbon\u00a0\u00bb _builder_version=\u00a0\u00bb4.9.4&Prime; _module_preset=\u00a0\u00bbdefault\u00a0\u00bb][et_pb_column type=\u00a0\u00bb1_2&Prime; _builder_version=\u00a0\u00bb4.9.4&Prime; _module_preset=\u00a0\u00bbdefault\u00a0\u00bb background_color=\u00a0\u00bb#faf1e0&Prime; custom_padding=\u00a0\u00bb80px|50px|80px|50px|true|true\u00a0\u00bb custom_css_main_element=\u00a0\u00bb\t||margin: auto;\u00a0\u00bb][et_pb_text module_class=\u00a0\u00bbcheckmark_bullets\u00a0\u00bb _builder_version=\u00a0\u00bb4.9.4&Prime; _module_preset=\u00a0\u00bbdefault\u00a0\u00bb header_3_font_size=\u00a0\u00bb23px\u00a0\u00bb]<\/p>\n<h3>Voici ce que nous couvrons :<\/h3>\n<p>&nbsp;<\/p>\n<ul>\n<li>R\u00e9paration, entretien et installation de climatisation <\/li>\n<li>R\u00e9paration, entretien et installation de syst\u00e8mes de chauffage et de fournaises<\/li>\n<li>Services de CVCR central<\/li>\n<li>CVCR sans conduits<\/li>\n<li>Am\u00e9lioration de l&rsquo;efficacit\u00e9 \u00e9nerg\u00e9tique et installation d&rsquo;appareils<\/li>\n<li>Planification et design<\/li>\n<li>Travail de ventilation<\/li>\n<li>Filtres<\/li>\n<li>Conduits<\/li>\n<li>Isolation<\/li>\n<li>R\u00e9paration et remplacement d&rsquo;urgence <\/li>\n<li>Services de qualit\u00e9 de l&rsquo;air int\u00e9rieur (QAI) <\/li>\n<li>et plus !<\/li>\n<\/ul>\n<p>[\/et_pb_text][\/et_pb_column][et_pb_column type=\u00a0\u00bb1_2&Prime; _builder_version=\u00a0\u00bb4.9.4&Prime; _module_preset=\u00a0\u00bbdefault\u00a0\u00bb custom_css_main_element=\u00a0\u00bb\t||margin: auto;\u00a0\u00bb][et_pb_text _builder_version=\u00a0\u00bb4.9.4&Prime; _module_preset=\u00a0\u00bbdefault\u00a0\u00bb custom_css_main_element=\u00a0\u00bb\t||\u00a0\u00bb]<\/p>\n<p>D&rsquo;abord, permettez-nous de vous assurer que nous sommes tr\u00e8s fiers de notre travail. Peu importe la raison de votre appel, nous ferons un travail de qualit\u00e9 \u2014 que ce soit avec du mat\u00e9riel de premi\u00e8re qualit\u00e9 ou en apportant une solution rapide et adapt\u00e9e \u00e0 un probl\u00e8me. Nos nombreux services couvrent un large \u00e9ventail de probl\u00e8mes CVCR courants, ainsi que des probl\u00e8mes auxquels la plupart des gens ne penseront pas.<\/p>\n<p>En tant qu&rsquo;entreprise qui s&rsquo;est b\u00e2tie en fournissant des services de premi\u00e8re qualit\u00e9 \u00e0 nos clients, nous voulons augmenter la qualit\u00e9 du travail CVCR dans tout Prescott-Russell et au-del\u00e0. Depuis des ann\u00e9es, nous avons d\u00e9velopp\u00e9 un processus unique qui nous permet d&rsquo;\u00e9tablir de bonnes relations avec nos clients et qui garantit la satisfaction \u00e0 long terme de notre travail.<\/p>\n<p>Au bout du compte, respirer de l&rsquo;air propre et vivre \u00e0 une temp\u00e9rature confortable sont essentiels pour la sant\u00e9 des amis, de la famille et des employ\u00e9s. C&rsquo;est pour cela que nous offrons plus que des solutions de chauffage et de climatisation. Posez-nous vos questions \u00e0 tout moment et recevez des conseils personnalis\u00e9s sur la fa\u00e7on d&rsquo;entretenir votre syst\u00e8me CVCR ou d&rsquo;identifier les probl\u00e8mes courants. <\/p>\n<p>Vous verrez rapidement ce qui nous distingue de la concurrence. N&rsquo;attendez pas plus longtemps pour le prochain appel de service pour votre CVCR. Vous avez trouv\u00e9 le meilleur entrepreneur CVCR du coin, alors appelez-nous d\u00e8s aujourd&rsquo;hui pour un rendez-vous.<\/p>\n<p>[\/et_pb_text][\/et_pb_column][\/et_pb_row][\/et_pb_section][et_pb_section fb_built=\u00a0\u00bb1&Prime; _builder_version=\u00a0\u00bb4.9.4&Prime; _module_preset=\u00a0\u00bbdefault\u00a0\u00bb background_enable_color=\u00a0\u00bboff\u00a0\u00bb background_image=\u00a0\u00bbhttps:\/\/clementchauffage.com\/wp-content\/uploads\/2021\/05\/background-blend.jpg\u00a0\u00bb global_module=\u00a0\u00bb249&Prime; saved_tabs=\u00a0\u00bball\u00a0\u00bb][et_pb_row _builder_version=\u00a0\u00bb4.9.4&Prime; _module_preset=\u00a0\u00bbdefault\u00a0\u00bb max_width=\u00a0\u00bb867px\u00a0\u00bb][et_pb_column type=\u00a0\u00bb4_4&Prime; _builder_version=\u00a0\u00bb4.9.4&Prime; _module_preset=\u00a0\u00bbdefault\u00a0\u00bb][et_pb_text _builder_version=\u00a0\u00bb4.9.4&Prime; _module_preset=\u00a0\u00bbdefault\u00a0\u00bb text_font=\u00a0\u00bb||||||||\u00a0\u00bb text_text_color=\u00a0\u00bb#000000&Prime; text_font_size=\u00a0\u00bb23px\u00a0\u00bb text_orientation=\u00a0\u00bbcenter\u00a0\u00bb]<\/p>\n<p>\u00cates-vous \u00e0 l&rsquo;est d&rsquo;Ottawa et cherchez-vous une entreprise fiable en chauffage et climatisation ? Nous attendons votre appel !<\/p>\n<p>[\/et_pb_text][et_pb_button button_url=\u00a0\u00bb@ET-DC@eyJkeW5hbWljIjp0cnVlLCJjb250ZW50IjoicG9zdF9saW5rX3VybF9wYWdlIiwic2V0dGluZ3MiOnsicG9zdF9pZCI6IjI0In19@\u00a0\u00bb button_text=\u00a0\u00bbSoumission gratuite \u00a0\u00bb button_alignment=\u00a0\u00bbcenter\u00a0\u00bb _builder_version=\u00a0\u00bb4.9.4&Prime; _dynamic_attributes=\u00a0\u00bbbutton_url\u00a0\u00bb _module_preset=\u00a0\u00bbdefault\u00a0\u00bb custom_button=\u00a0\u00bbon\u00a0\u00bb button_text_size=\u00a0\u00bb22px\u00a0\u00bb button_text_color=\u00a0\u00bb#FFFFFF\u00a0\u00bb button_bg_color=\u00a0\u00bb#f8a813&Prime; button_border_color=\u00a0\u00bb#FFFFFF\u00a0\u00bb button_border_radius=\u00a0\u00bb30px\u00a0\u00bb button_font=\u00a0\u00bb|800|||||||\u00a0\u00bb button_use_icon=\u00a0\u00bboff\u00a0\u00bb box_shadow_style=\u00a0\u00bbpreset1&Prime; box_shadow_color=\u00a0\u00bbrgba(248,168,19,0.65)\u00a0\u00bb button_bg_color__hover_enabled=\u00a0\u00bbon|hover\u00a0\u00bb button_bg_color__hover=\u00a0\u00bb#f37321&Prime; button_bg_enable_color__hover=\u00a0\u00bbon\u00a0\u00bb][\/et_pb_button][\/et_pb_column][\/et_pb_row][\/et_pb_section]<\/p>\n","protected":false},"excerpt":{"rendered":"<p>\u00c0 propos de Clement Chauffage \u2014 Vos sp\u00e9cialistes CVCR dans Prescott-RussellChez Clement Chauffage, nous nous effor\u00e7ons de d\u00e9passer vos attentes quant \u00e0 vos besoins en chauffage et climatisation. Nos \u00e9quipes professionnelles apportent plus que les outils du m\u00e9tier. Ils sont bien inform\u00e9s et cherchent toujours des fa\u00e7ons de mettre en place des solutions efficaces et [&hellip;]<\/p>\n","protected":false},"author":1,"featured_media":0,"parent":0,"menu_order":0,"comment_status":"closed","ping_status":"closed","template":"","meta":{"_et_pb_use_builder":"on","_et_pb_old_content":"","_et_gb_content_width":"","footnotes":""},"class_list":["post-664","page","type-page","status-publish","hentry"],"_links":{"self":[{"href":"https:\/\/clementchauffage.com\/fr\/wp-json\/wp\/v2\/pages\/664","targetHints":{"allow":["GET"]}}],"collection":[{"href":"https:\/\/clementchauffage.com\/fr\/wp-json\/wp\/v2\/pages"}],"about":[{"href":"https:\/\/clementchauffage.com\/fr\/wp-json\/wp\/v2\/types\/page"}],"author":[{"embeddable":true,"href":"https:\/\/clementchauffage.com\/fr\/wp-json\/wp\/v2\/users\/1"}],"replies":[{"embeddable":true,"href":"https:\/\/clementchauffage.com\/fr\/wp-json\/wp\/v2\/comments?post=664"}],"version-history":[{"count":12,"href":"https:\/\/clementchauffage.com\/fr\/wp-json\/wp\/v2\/pages\/664\/revisions"}],"predecessor-version":[{"id":812,"href":"https:\/\/clementchauffage.com\/fr\/wp-json\/wp\/v2\/pages\/664\/revisions\/812"}],"wp:attachment":[{"href":"https:\/\/clementchauffage.com\/fr\/wp-json\/wp\/v2\/media?parent=664"}],"curies":[{"name":"wp","href":"https:\/\/api.w.org\/{rel}","templated":true}]}}