{"id":671,"date":"2021-06-29T15:49:25","date_gmt":"2021-06-29T15:49:25","guid":{"rendered":"https:\/\/clement.nddesign.ca\/notre-offre"},"modified":"2021-06-30T14:44:33","modified_gmt":"2021-06-30T14:44:33","slug":"notre-offre","status":"publish","type":"page","link":"https:\/\/clementchauffage.com\/fr\/notre-offre","title":{"rendered":"Notre offre"},"content":{"rendered":"<p>[et_pb_section fb_built=\u00a0\u00bb1&Prime; _builder_version=\u00a0\u00bb4.9.4&Prime; _module_preset=\u00a0\u00bbdefault\u00a0\u00bb background_image=\u00a0\u00bbhttps:\/\/clementchauffage.com\/wp-content\/uploads\/2021\/05\/background-gold.jpg\u00a0\u00bb custom_padding=\u00a0\u00bb50px||50px||false|false\u00a0\u00bb][et_pb_row _builder_version=\u00a0\u00bb4.9.4&Prime; _module_preset=\u00a0\u00bbdefault\u00a0\u00bb][et_pb_column type=\u00a0\u00bb4_4&Prime; _builder_version=\u00a0\u00bb4.9.4&Prime; _module_preset=\u00a0\u00bbdefault\u00a0\u00bb][et_pb_text _builder_version=\u00a0\u00bb4.9.4&Prime; _module_preset=\u00a0\u00bbdefault\u00a0\u00bb header_font=\u00a0\u00bb|800|||||||\u00a0\u00bb header_text_align=\u00a0\u00bbcenter\u00a0\u00bb header_text_color=\u00a0\u00bb#FFFFFF\u00a0\u00bb header_text_shadow_style=\u00a0\u00bbpreset3&Prime; header_text_shadow_color=\u00a0\u00bb#916f00&Prime;]<\/p>\n<h1>Ce que nous faisons chez Cl\u00e9ment Chauffage Inc.<\/h1>\n<p>[\/et_pb_text][\/et_pb_column][\/et_pb_row][\/et_pb_section][et_pb_section fb_built=\u00a0\u00bb1&Prime; _builder_version=\u00a0\u00bb4.9.4&Prime; _module_preset=\u00a0\u00bbdefault\u00a0\u00bb custom_padding=\u00a0\u00bb||0px||false|false\u00a0\u00bb][et_pb_row column_structure=\u00a0\u00bb3_5,2_5&Prime; use_custom_gutter=\u00a0\u00bbon\u00a0\u00bb gutter_width=\u00a0\u00bb2&Prime; _builder_version=\u00a0\u00bb4.9.4&Prime; _module_preset=\u00a0\u00bbdefault\u00a0\u00bb][et_pb_column type=\u00a0\u00bb3_5&Prime; _builder_version=\u00a0\u00bb4.9.4&Prime; _module_preset=\u00a0\u00bbdefault\u00a0\u00bb][et_pb_image src=\u00a0\u00bbhttps:\/\/clementchauffage.com\/wp-content\/uploads\/2021\/06\/worker-repairing-ceiling-air-conditioning-unit-scaled.jpg\u00a0\u00bb title_text=\u00a0\u00bbCVC\u00a0\u00bb _builder_version=\u00a0\u00bb4.9.4&Prime; _module_preset=\u00a0\u00bbdefault\u00a0\u00bb][\/et_pb_image][\/et_pb_column][et_pb_column type=\u00a0\u00bb2_5&Prime; _builder_version=\u00a0\u00bb4.9.4&Prime; _module_preset=\u00a0\u00bbdefault\u00a0\u00bb][et_pb_text _builder_version=\u00a0\u00bb4.9.4&Prime; _module_preset=\u00a0\u00bbdefault\u00a0\u00bb]<\/p>\n<p>En tant qu&rsquo;un des meilleurs entrepreneurs dans la r\u00e9gion de Prescott-Russell, nous sommes fiers de nos connaissances et de notre exp\u00e9rience acquises au cours des ann\u00e9es. Nous croyons aussi \u00e0 bien informer nos clients. Plusieurs personnes pensent que les techniciens CVC ne travaillent que sur les climatiseurs et les appareils de chauffage. Cependant, nous pouvons faire tellement plus ! Nos services ont une tr\u00e8s grande valeur pour les propri\u00e9taires de maisons et de commerce.<\/p>\n<p>Les fonctions de base d&rsquo;un entrepreneur CVC sont d&rsquo;entretenir, d&rsquo;installer et de r\u00e9parer les syst\u00e8mes de chauffage, de traitement de l&rsquo;air et de refroidissement d&rsquo;une propri\u00e9t\u00e9. Dans ces domaines, un technicien peut accomplir une multitude de t\u00e2ches importantes ou mineures. Selon l&rsquo;entreprise que vous utilisez, il se peut que les techniciens ne s&rsquo;occupent que d&rsquo;une composante de l&rsquo;industrie.<\/p>\n<p>[\/et_pb_text][\/et_pb_column][\/et_pb_row][et_pb_row _builder_version=\u00a0\u00bb4.9.4&Prime; _module_preset=\u00a0\u00bbdefault\u00a0\u00bb custom_padding=\u00a0\u00bb||0px||false|false\u00a0\u00bb][et_pb_column type=\u00a0\u00bb4_4&Prime; _builder_version=\u00a0\u00bb4.9.4&Prime; _module_preset=\u00a0\u00bbdefault\u00a0\u00bb][et_pb_divider divider_weight=\u00a0\u00bb4px\u00a0\u00bb _builder_version=\u00a0\u00bb4.9.4&Prime; _module_preset=\u00a0\u00bbdefault\u00a0\u00bb width=\u00a0\u00bb50%\u00a0\u00bb module_alignment=\u00a0\u00bbcenter\u00a0\u00bb][\/et_pb_divider][\/et_pb_column][\/et_pb_row][\/et_pb_section][et_pb_section fb_built=\u00a0\u00bb1&Prime; _builder_version=\u00a0\u00bb4.9.4&Prime; _module_preset=\u00a0\u00bbdefault\u00a0\u00bb custom_padding=\u00a0\u00bb20px||||false|false\u00a0\u00bb][et_pb_row column_structure=\u00a0\u00bb1_2,1_2&Prime; make_equal=\u00a0\u00bbon\u00a0\u00bb _builder_version=\u00a0\u00bb4.9.7&Prime; _module_preset=\u00a0\u00bbdefault\u00a0\u00bb hover_enabled=\u00a0\u00bb0&Prime; sticky_enabled=\u00a0\u00bb0&Prime;][et_pb_column type=\u00a0\u00bb1_2&Prime; _builder_version=\u00a0\u00bb4.9.4&Prime; _module_preset=\u00a0\u00bbdefault\u00a0\u00bb background_color=\u00a0\u00bb#faf1e0&Prime; custom_padding=\u00a0\u00bb80px|50px|80px|50px|true|true\u00a0\u00bb][et_pb_text module_class=\u00a0\u00bbcheckmark_bullets\u00a0\u00bb _builder_version=\u00a0\u00bb4.9.4&Prime; _module_preset=\u00a0\u00bbdefault\u00a0\u00bb header_3_font_size=\u00a0\u00bb23px\u00a0\u00bb header_3_line_height=\u00a0\u00bb1.1em\u00a0\u00bb]<\/p>\n<h3>Chez Clement Chauffage Inc., nous faisons tout&nbsp;! Nos services couvrent un grand nombre des probl\u00e8mes courants de syst\u00e8me CVC avec lesquels nos clients sont aux prises, comme&nbsp;:<\/h3>\n<p>&nbsp;<\/p>\n<ul>\n<li>Rep\u00e9rer et r\u00e9parer les dysfonctionnements<\/li>\n<li>Faire une installation compl\u00e8te en respectant la r\u00e9glementation et les codes de la localit\u00e9 ou de la municipalit\u00e9 <\/li>\n<li>Planifier et installer le c\u00e2blage \u00e9lectrique<\/li>\n<li>Aider pour l&rsquo;achat d&rsquo;un nouveau syst\u00e8me CVC<\/li>\n<li>Assembler, mettre en place et \u00e9quilibrer un syst\u00e8me CVC<\/li>\n<li>Coupe et per\u00e7age pour l&rsquo;installation du syst\u00e8me CVC<\/li>\n<li>Fixer, assembler, couper et nettoyer les conduits<\/li>\n<\/ul>\n<p>[\/et_pb_text][\/et_pb_column][et_pb_column type=\u00a0\u00bb1_2&Prime; _builder_version=\u00a0\u00bb4.9.4&Prime; _module_preset=\u00a0\u00bbdefault\u00a0\u00bb][et_pb_text _builder_version=\u00a0\u00bb4.9.7&Prime; _module_preset=\u00a0\u00bbdefault\u00a0\u00bb header_2_font=\u00a0\u00bb|800|||||||\u00a0\u00bb hover_enabled=\u00a0\u00bb0&Prime; sticky_enabled=\u00a0\u00bb0&Prime;]<\/p>\n<h2><span>Installation<\/span><\/h2>\n<p>Les techniciens CVC vont installer toute sorte d&rsquo;appareils ou \u00e9quipements \u2014 appareil de chauffage, climatiseur, conduits et c\u00e2blage associ\u00e9. Une fois l&rsquo;\u00e9quipement install\u00e9, le technicien effectuera des tests sur les connexions, les raccords et la tuyauterie, et s&rsquo;assurera que les syst\u00e8mes de distribution fonctionnent bien.<\/p>\n<h2><span>R\u00e9paration<\/span><\/h2>\n<p>Tout probl\u00e8me du syst\u00e8me CVC peut \u00eatre trouv\u00e9 et r\u00e9par\u00e9 lorsqu&rsquo;un technicien professionnel licenci\u00e9 s&rsquo;en occupe. Chez Clement Chauffage Inc., les membres de notre \u00e9quipe ont la formation pour travailler sur les syst\u00e8mes de traitement de l&rsquo;air, les compresseurs, les thermostats, les fournaises et les niveaux de r\u00e9frig\u00e9rants.<\/p>\n<h2><span>Entretien<\/span><\/h2>\n<p>Vous voulez un appareil efficace et silencieux pour rafra\u00eechir ou chauffer votre maison rapidement. Gr\u00e2ce \u00e0 un entretien r\u00e9gulier et des inspections bisannuelles, vous pouvez garder votre syst\u00e8me CVC en excellente condition pendant des ann\u00e9es. Les techniciens de Clement Chauffage sont minutieux et effectueront des tests de diagnostic, nettoieront le ventilateur de la soufflerie, v\u00e9rifieront les filtres et les niveaux de r\u00e9frig\u00e9rant, ainsi que le thermostat<br \/>\n et le fonctionnement global de votre syst\u00e8me de chauffage et de climatisation.\n<\/p>\n<p>[\/et_pb_text][\/et_pb_column][\/et_pb_row][\/et_pb_section][et_pb_section fb_built=\u00a0\u00bb1&Prime; _builder_version=\u00a0\u00bb4.9.4&Prime; _module_preset=\u00a0\u00bbdefault\u00a0\u00bb background_enable_color=\u00a0\u00bboff\u00a0\u00bb background_image=\u00a0\u00bbhttps:\/\/clementchauffage.com\/wp-content\/uploads\/2021\/05\/background-blend.jpg\u00a0\u00bb][et_pb_row _builder_version=\u00a0\u00bb4.9.4&Prime; _module_preset=\u00a0\u00bbdefault\u00a0\u00bb][et_pb_column type=\u00a0\u00bb4_4&Prime; _builder_version=\u00a0\u00bb4.9.4&Prime; _module_preset=\u00a0\u00bbdefault\u00a0\u00bb][et_pb_text _builder_version=\u00a0\u00bb4.9.4&Prime; _module_preset=\u00a0\u00bbdefault\u00a0\u00bb text_font=\u00a0\u00bb||||||||\u00a0\u00bb text_text_color=\u00a0\u00bb#000000&Prime; text_font_size=\u00a0\u00bb20px\u00a0\u00bb text_orientation=\u00a0\u00bbcenter\u00a0\u00bb]<\/p>\n<p>De la purification de l&rsquo;air \u00e0 la r\u00e9paration du chauffage et de la climatisation, \u00e0 l&rsquo;installation et \u00e0 l&rsquo;entretien, Clement Chauffage Inc. fait tout ! Remplissez notre formulaire et dites-nous comment nous pouvons vous aider. Un de nos techniciens sera chez vous dans les meilleurs d\u00e9lais.<\/p>\n<p>[\/et_pb_text][et_pb_button button_url=\u00a0\u00bb@ET-DC@eyJkeW5hbWljIjp0cnVlLCJjb250ZW50IjoicG9zdF9saW5rX3VybF9wYWdlIiwic2V0dGluZ3MiOnsicG9zdF9pZCI6IjI0In19@\u00a0\u00bb button_text=\u00a0\u00bbSoumission gratuite \u00a0\u00bb button_alignment=\u00a0\u00bbcenter\u00a0\u00bb _builder_version=\u00a0\u00bb4.9.4&Prime; _dynamic_attributes=\u00a0\u00bbbutton_url\u00a0\u00bb _module_preset=\u00a0\u00bbdefault\u00a0\u00bb custom_button=\u00a0\u00bbon\u00a0\u00bb button_text_size=\u00a0\u00bb22px\u00a0\u00bb button_text_color=\u00a0\u00bb#FFFFFF\u00a0\u00bb button_bg_color=\u00a0\u00bb#f8a813&Prime; button_border_color=\u00a0\u00bb#FFFFFF\u00a0\u00bb button_border_radius=\u00a0\u00bb30px\u00a0\u00bb button_font=\u00a0\u00bb|800|||||||\u00a0\u00bb button_use_icon=\u00a0\u00bboff\u00a0\u00bb box_shadow_style=\u00a0\u00bbpreset1&Prime; box_shadow_color=\u00a0\u00bbrgba(248,168,19,0.65)\u00a0\u00bb button_bg_color__hover_enabled=\u00a0\u00bbon|hover\u00a0\u00bb button_bg_color__hover=\u00a0\u00bb#f37321&Prime; button_bg_enable_color__hover=\u00a0\u00bbon\u00a0\u00bb][\/et_pb_button][\/et_pb_column][\/et_pb_row][\/et_pb_section]<\/p>\n","protected":false},"excerpt":{"rendered":"<p>Ce que nous faisons chez Cl\u00e9ment Chauffage Inc.En tant qu&rsquo;un des meilleurs entrepreneurs dans la r\u00e9gion de Prescott-Russell, nous sommes fiers de nos connaissances et de notre exp\u00e9rience acquises au cours des ann\u00e9es. Nous croyons aussi \u00e0 bien informer nos clients. Plusieurs personnes pensent que les techniciens CVC ne travaillent que sur les climatiseurs et [&hellip;]<\/p>\n","protected":false},"author":1,"featured_media":0,"parent":0,"menu_order":0,"comment_status":"closed","ping_status":"closed","template":"","meta":{"_et_pb_use_builder":"on","_et_pb_old_content":"","_et_gb_content_width":"","footnotes":""},"class_list":["post-671","page","type-page","status-publish","hentry"],"_links":{"self":[{"href":"https:\/\/clementchauffage.com\/fr\/wp-json\/wp\/v2\/pages\/671","targetHints":{"allow":["GET"]}}],"collection":[{"href":"https:\/\/clementchauffage.com\/fr\/wp-json\/wp\/v2\/pages"}],"about":[{"href":"https:\/\/clementchauffage.com\/fr\/wp-json\/wp\/v2\/types\/page"}],"author":[{"embeddable":true,"href":"https:\/\/clementchauffage.com\/fr\/wp-json\/wp\/v2\/users\/1"}],"replies":[{"embeddable":true,"href":"https:\/\/clementchauffage.com\/fr\/wp-json\/wp\/v2\/comments?post=671"}],"version-history":[{"count":11,"href":"https:\/\/clementchauffage.com\/fr\/wp-json\/wp\/v2\/pages\/671\/revisions"}],"predecessor-version":[{"id":849,"href":"https:\/\/clementchauffage.com\/fr\/wp-json\/wp\/v2\/pages\/671\/revisions\/849"}],"wp:attachment":[{"href":"https:\/\/clementchauffage.com\/fr\/wp-json\/wp\/v2\/media?parent=671"}],"curies":[{"name":"wp","href":"https:\/\/api.w.org\/{rel}","templated":true}]}}