{"id":677,"date":"2021-06-29T16:04:41","date_gmt":"2021-06-29T16:04:41","guid":{"rendered":"https:\/\/clement.nddesign.ca\/chauffage-fournaise"},"modified":"2021-06-30T14:12:51","modified_gmt":"2021-06-30T14:12:51","slug":"chauffage-fournaise","status":"publish","type":"page","link":"https:\/\/clementchauffage.com\/fr\/chauffage-fournaise","title":{"rendered":"Chauffage"},"content":{"rendered":"<p>[et_pb_section fb_built=\u00a0\u00bb1&Prime; _builder_version=\u00a0\u00bb4.9.4&Prime; _module_preset=\u00a0\u00bbdefault\u00a0\u00bb background_image=\u00a0\u00bbhttps:\/\/clementchauffage.com\/wp-content\/uploads\/2021\/05\/background-gold.jpg\u00a0\u00bb custom_padding=\u00a0\u00bb50px||50px||false|false\u00a0\u00bb][et_pb_row _builder_version=\u00a0\u00bb4.9.4&Prime; _module_preset=\u00a0\u00bbdefault\u00a0\u00bb][et_pb_column type=\u00a0\u00bb4_4&Prime; _builder_version=\u00a0\u00bb4.9.4&Prime; _module_preset=\u00a0\u00bbdefault\u00a0\u00bb][et_pb_text _builder_version=\u00a0\u00bb4.9.4&Prime; _module_preset=\u00a0\u00bbdefault\u00a0\u00bb header_font=\u00a0\u00bb|800|||||||\u00a0\u00bb header_text_align=\u00a0\u00bbcenter\u00a0\u00bb header_text_color=\u00a0\u00bb#FFFFFF\u00a0\u00bb header_text_shadow_style=\u00a0\u00bbpreset3&Prime; header_text_shadow_color=\u00a0\u00bb#916f00&Prime;]<\/p>\n<h1>R\u00e9paration, installation et entretien d&rsquo;appareils de chauffage de premier ordre \u00e0 Prescott-Russell<\/h1>\n<p>[\/et_pb_text][\/et_pb_column][\/et_pb_row][\/et_pb_section][et_pb_section fb_built=\u00a0\u00bb1&Prime; _builder_version=\u00a0\u00bb4.9.4&Prime; _module_preset=\u00a0\u00bbdefault\u00a0\u00bb custom_padding=\u00a0\u00bb||0px||false|false\u00a0\u00bb][et_pb_row column_structure=\u00a0\u00bb3_5,2_5&Prime; use_custom_gutter=\u00a0\u00bbon\u00a0\u00bb gutter_width=\u00a0\u00bb2&Prime; _builder_version=\u00a0\u00bb4.9.4&Prime; _module_preset=\u00a0\u00bbdefault\u00a0\u00bb][et_pb_column type=\u00a0\u00bb3_5&Prime; _builder_version=\u00a0\u00bb4.9.4&Prime; _module_preset=\u00a0\u00bbdefault\u00a0\u00bb][et_pb_image src=\u00a0\u00bbhttps:\/\/clementchauffage.com\/wp-content\/uploads\/2021\/06\/furnace-installation.jpg\u00a0\u00bb title_text=\u00a0\u00bbfurnace-installation\u00a0\u00bb _builder_version=\u00a0\u00bb4.9.7&Prime; _module_preset=\u00a0\u00bbdefault\u00a0\u00bb hover_enabled=\u00a0\u00bb0&Prime; alt=\u00a0\u00bbFurnace Installation\u00a0\u00bb sticky_enabled=\u00a0\u00bb0&Prime;][\/et_pb_image][\/et_pb_column][et_pb_column type=\u00a0\u00bb2_5&Prime; _builder_version=\u00a0\u00bb4.9.4&Prime; _module_preset=\u00a0\u00bbdefault\u00a0\u00bb][et_pb_text _builder_version=\u00a0\u00bb4.9.4&Prime; _module_preset=\u00a0\u00bbdefault\u00a0\u00bb]<\/p>\n<p>Il n&rsquo;y a pas \u00e0 dire, il fait froid l&rsquo;hiver \u00e0 Prescott-Russell. Peu importe dans combien de couvertures ou de v\u00eatements vous vous enveloppez, vous avez besoin d&rsquo;une m\u00e9thode plus fiable pour vous garder au chaud durant les mois les plus froids. Que vous ayez besoin d&rsquo;une mise \u00e0 niveau ou que votre syst\u00e8me de chauffage arr\u00eate de fonctionner soudainement, le manque de chaleur est inconfortable, nuisible \u00e0 la sant\u00e9 et incommodant pour la famille ou les employ\u00e9s. Par chance, vous avez notre \u00e9quipe de techniciens professionnels pour vous aider, que ce soit pour une urgence ou une petite r\u00e9paration.<\/p>\n<p>[\/et_pb_text][\/et_pb_column][\/et_pb_row][et_pb_row _builder_version=\u00a0\u00bb4.9.4&Prime; _module_preset=\u00a0\u00bbdefault\u00a0\u00bb custom_padding=\u00a0\u00bb||0px||false|false\u00a0\u00bb][et_pb_column type=\u00a0\u00bb4_4&Prime; _builder_version=\u00a0\u00bb4.9.4&Prime; _module_preset=\u00a0\u00bbdefault\u00a0\u00bb][et_pb_divider divider_weight=\u00a0\u00bb4px\u00a0\u00bb _builder_version=\u00a0\u00bb4.9.4&Prime; _module_preset=\u00a0\u00bbdefault\u00a0\u00bb width=\u00a0\u00bb50%\u00a0\u00bb module_alignment=\u00a0\u00bbcenter\u00a0\u00bb][\/et_pb_divider][\/et_pb_column][\/et_pb_row][\/et_pb_section][et_pb_section fb_built=\u00a0\u00bb1&Prime; _builder_version=\u00a0\u00bb4.9.4&Prime; _module_preset=\u00a0\u00bbdefault\u00a0\u00bb custom_padding=\u00a0\u00bb20px||0px||false|false\u00a0\u00bb][et_pb_row _builder_version=\u00a0\u00bb4.9.4&Prime; _module_preset=\u00a0\u00bbdefault\u00a0\u00bb][et_pb_column type=\u00a0\u00bb4_4&Prime; _builder_version=\u00a0\u00bb4.9.4&Prime; _module_preset=\u00a0\u00bbdefault\u00a0\u00bb][et_pb_text _builder_version=\u00a0\u00bb4.9.4&Prime; _module_preset=\u00a0\u00bbdefault\u00a0\u00bb header_2_font=\u00a0\u00bb|800|||||||\u00a0\u00bb header_2_text_align=\u00a0\u00bbcenter\u00a0\u00bb]<\/p>\n<h2><strong>Nos services de chauffage<\/strong><\/h2>\n<p>[\/et_pb_text][\/et_pb_column][\/et_pb_row][et_pb_row column_structure=\u00a0\u00bb1_2,1_2&Prime; make_equal=\u00a0\u00bbon\u00a0\u00bb _builder_version=\u00a0\u00bb4.9.4&Prime; _module_preset=\u00a0\u00bbdefault\u00a0\u00bb][et_pb_column type=\u00a0\u00bb1_2&Prime; _builder_version=\u00a0\u00bb4.9.4&Prime; _module_preset=\u00a0\u00bbdefault\u00a0\u00bb background_color=\u00a0\u00bb#faf1e0&Prime; custom_padding=\u00a0\u00bb80px|50px|80px|50px|true|true\u00a0\u00bb][et_pb_text module_class=\u00a0\u00bbcheckmark_bullets\u00a0\u00bb _builder_version=\u00a0\u00bb4.9.4&Prime; _module_preset=\u00a0\u00bbdefault\u00a0\u00bb header_3_font_size=\u00a0\u00bb23px\u00a0\u00bb]<\/p>\n<h3>Clement Chauffage Inc. vous offre les services de chauffage suivants :<\/h3>\n<p>&nbsp;<\/p>\n<ul>\n<li>entretien d&rsquo;appareil de chauffage<\/li>\n<li>r\u00e9paration d&rsquo;appareil de chauffage <\/li>\n<li>remplacement d&rsquo;appareil de chauffage <\/li>\n<li>mise au point du syst\u00e8me CVC<\/li>\n<li>humidificateur<\/li>\n<li>installation d&rsquo;appareil de chauffage<\/li>\n<li>r\u00e9paration de fournaise<\/li>\n<li>installation de fournaise<\/li>\n<li>chauffe-eau<\/li>\n<li>plancher chauffant<\/li>\n<li>thermostat<\/li>\n<li>service d&rsquo;urgence en chauffage <\/li>\n<li>et plus encore<\/li>\n<\/ul>\n<p>[\/et_pb_text][\/et_pb_column][et_pb_column type=\u00a0\u00bb1_2&Prime; _builder_version=\u00a0\u00bb4.9.4&Prime; _module_preset=\u00a0\u00bbdefault\u00a0\u00bb][et_pb_text _builder_version=\u00a0\u00bb4.9.4&Prime; _module_preset=\u00a0\u00bbdefault\u00a0\u00bb]<\/p>\n<p>Toutes nos ann\u00e9es d&rsquo;exp\u00e9rience nous ont fait voir tous les probl\u00e8mes de chauffage inimaginables. Heureusement, ce qui peut sembler catastrophique peut facilement \u00eatre r\u00e9gl\u00e9 par nos techniciens en chauffage certifi\u00e9s. Lorsque nous recevons votre appel, notre priorit\u00e9 est de se rendre chez vous dans les meilleurs d\u00e9lais. Une fois sur place, notre priorit\u00e9 est de r\u00e9soudre rapidement votre probl\u00e8me de chauffage \u2014 de la fa\u00e7on la plus efficiente.<\/p>\n<p>[\/et_pb_text][et_pb_image src=\u00a0\u00bbhttps:\/\/clementchauffage.com\/wp-content\/uploads\/2021\/06\/heating-repairs-scaled.jpg\u00a0\u00bb title_text=\u00a0\u00bbheating-repairs\u00a0\u00bb _builder_version=\u00a0\u00bb4.9.7&Prime; _module_preset=\u00a0\u00bbdefault\u00a0\u00bb hover_enabled=\u00a0\u00bb0&Prime; alt=\u00a0\u00bbHeating Repairs\u00a0\u00bb sticky_enabled=\u00a0\u00bb0&Prime;][\/et_pb_image][\/et_pb_column][\/et_pb_row][et_pb_row _builder_version=\u00a0\u00bb4.9.4&Prime; _module_preset=\u00a0\u00bbdefault\u00a0\u00bb custom_padding=\u00a0\u00bb||0px||false|false\u00a0\u00bb][et_pb_column type=\u00a0\u00bb4_4&Prime; _builder_version=\u00a0\u00bb4.9.4&Prime; _module_preset=\u00a0\u00bbdefault\u00a0\u00bb][et_pb_divider divider_weight=\u00a0\u00bb4px\u00a0\u00bb _builder_version=\u00a0\u00bb4.9.4&Prime; _module_preset=\u00a0\u00bbdefault\u00a0\u00bb width=\u00a0\u00bb50%\u00a0\u00bb module_alignment=\u00a0\u00bbcenter\u00a0\u00bb][\/et_pb_divider][\/et_pb_column][\/et_pb_row][\/et_pb_section][et_pb_section fb_built=\u00a0\u00bb1&Prime; _builder_version=\u00a0\u00bb4.9.4&Prime; _module_preset=\u00a0\u00bbdefault\u00a0\u00bb custom_padding=\u00a0\u00bb20px||||false|false\u00a0\u00bb][et_pb_row _builder_version=\u00a0\u00bb4.9.4&Prime; _module_preset=\u00a0\u00bbdefault\u00a0\u00bb][et_pb_column type=\u00a0\u00bb4_4&Prime; _builder_version=\u00a0\u00bb4.9.4&Prime; _module_preset=\u00a0\u00bbdefault\u00a0\u00bb][et_pb_text _builder_version=\u00a0\u00bb4.9.4&Prime; _module_preset=\u00a0\u00bbdefault\u00a0\u00bb header_2_font=\u00a0\u00bb|800|||||||\u00a0\u00bb header_2_text_align=\u00a0\u00bbcenter\u00a0\u00bb]<\/p>\n<h2>R\u00e9paration de tout type de syst\u00e8me de chauffage <\/h2>\n<p>[\/et_pb_text][\/et_pb_column][\/et_pb_row][et_pb_row column_structure=\u00a0\u00bb1_2,1_2&Prime; _builder_version=\u00a0\u00bb4.9.4&Prime; _module_preset=\u00a0\u00bbdefault\u00a0\u00bb][et_pb_column type=\u00a0\u00bb1_2&Prime; _builder_version=\u00a0\u00bb4.9.4&Prime; _module_preset=\u00a0\u00bbdefault\u00a0\u00bb][et_pb_image src=\u00a0\u00bbhttps:\/\/clementchauffage.com\/wp-content\/uploads\/2021\/06\/heating-systems.jpg\u00a0\u00bb title_text=\u00a0\u00bbheating-systems\u00a0\u00bb _builder_version=\u00a0\u00bb4.9.7&Prime; _module_preset=\u00a0\u00bbdefault\u00a0\u00bb hover_enabled=\u00a0\u00bb0&Prime; alt=\u00a0\u00bbHeating Systems\u00a0\u00bb sticky_enabled=\u00a0\u00bb0&Prime;][\/et_pb_image][\/et_pb_column][et_pb_column type=\u00a0\u00bb1_2&Prime; _builder_version=\u00a0\u00bb4.9.4&Prime; _module_preset=\u00a0\u00bbdefault\u00a0\u00bb][et_pb_text _builder_version=\u00a0\u00bb4.9.4&Prime; _module_preset=\u00a0\u00bbdefault\u00a0\u00bb]<\/p>\n<p>Si \u00e7a ne va pas avec votre appareil de chauffage ou votre fournaise, vous devez appeler un entrepreneur CVC le plus t\u00f4t possible. Nos techniciens qualifi\u00e9s peuvent travailler sur un grand nombre de syst\u00e8mes de chauffage, dont :<\/p>\n<ul>\n<li>syst\u00e8me sans conduits<\/li>\n<li>fournaise au gaz ou \u00e9lectrique <\/li>\n<li>thermopompe<\/li>\n<li>syst\u00e8me hybride<\/li>\n<\/ul>\n<p>M\u00eame si vous ne pensez pas qu&rsquo;une r\u00e9paration est n\u00e9cessaire tout de suite, vous pourriez vouloir appeler un professionnel si votre syst\u00e8me de chauffage pr\u00e9sente des probl\u00e8mes. Par exemple, si les cycles de chauffage sont irr\u00e9guliers ou si votre facture d&rsquo;\u00e9nergie monte anormalement, cela pourrait indiquer un probl\u00e8me.<\/p>\n<p>[\/et_pb_text][\/et_pb_column][\/et_pb_row][\/et_pb_section][et_pb_section fb_built=\u00a0\u00bb1&Prime; _builder_version=\u00a0\u00bb4.9.4&Prime; _module_preset=\u00a0\u00bbdefault\u00a0\u00bb background_color=\u00a0\u00bb#faf1e0&Prime;][et_pb_row _builder_version=\u00a0\u00bb4.9.4&Prime; _module_preset=\u00a0\u00bbdefault\u00a0\u00bb custom_padding=\u00a0\u00bb||0px||false|false\u00a0\u00bb][et_pb_column type=\u00a0\u00bb4_4&Prime; _builder_version=\u00a0\u00bb4.9.4&Prime; _module_preset=\u00a0\u00bbdefault\u00a0\u00bb][et_pb_text _builder_version=\u00a0\u00bb4.9.4&Prime; _module_preset=\u00a0\u00bbdefault\u00a0\u00bb header_2_font=\u00a0\u00bb|800|||||||\u00a0\u00bb header_2_text_align=\u00a0\u00bbcenter\u00a0\u00bb header_3_font=\u00a0\u00bb|800|||||||\u00a0\u00bb header_3_text_align=\u00a0\u00bbcenter\u00a0\u00bb]<\/p>\n<h3>Demandez un entretien de votre syst\u00e8me de chauffage d\u00e8s aujourd&rsquo;hui <\/h3>\n<p>[\/et_pb_text][\/et_pb_column][\/et_pb_row][et_pb_row _builder_version=\u00a0\u00bb4.9.4&Prime; _module_preset=\u00a0\u00bbdefault\u00a0\u00bb][et_pb_column type=\u00a0\u00bb4_4&Prime; _builder_version=\u00a0\u00bb4.9.4&Prime; _module_preset=\u00a0\u00bbdefault\u00a0\u00bb][et_pb_text _builder_version=\u00a0\u00bb4.9.4&Prime; _module_preset=\u00a0\u00bbdefault\u00a0\u00bb]<\/p>\n<p>Saviez-vous que, lorsqu&rsquo;il ne fonctionne pas, votre syst\u00e8me de chauffage accumule toutes sortes de d\u00e9bris ? Pollen, poussi\u00e8re et autres contaminants s&rsquo;accumulent \u00e0 l&rsquo;int\u00e9rieur, encombrant l&rsquo;appareil qui doit alors travailler plus fort. L&rsquo;appareil s&rsquo;use pr\u00e9matur\u00e9ment et finit par mal fonctionner. Vous devez aussi vous pr\u00e9occuper des bact\u00e9ries nocives et des allerg\u00e8nes qui entrent dans l&rsquo;air int\u00e9rieur et affectent les personnes allergiques.<\/p>\n<p>Lorsque vous faites installer un nouvel appareil de chauffage ou remplacer l&rsquo;ancien, vous devez penser tout de suite \u00e0 la mani\u00e8re de garder votre appareil en bonne condition. Vous venez juste de faire un investissement. Nous vous recommandons donc de planifier un entretien au mois une fois l&rsquo;an pour votre appareil ou votre fournaise. De cette fa\u00e7on, vous n&rsquo;aurez pas \u00e0 vous pr\u00e9occuper de probl\u00e8mes de chauffage quand arrive l&rsquo;\u00e9t\u00e9. L&rsquo;entretien r\u00e9gulier aide aussi \u00e0 prolonger la vie du syst\u00e8me. Moins de temps perdu et plus d&rsquo;\u00e9conomies.<\/p>\n<p>[\/et_pb_text][\/et_pb_column][\/et_pb_row][\/et_pb_section][et_pb_section fb_built=\u00a0\u00bb1&Prime; _builder_version=\u00a0\u00bb4.9.4&Prime; _module_preset=\u00a0\u00bbdefault\u00a0\u00bb background_enable_color=\u00a0\u00bboff\u00a0\u00bb background_image=\u00a0\u00bbhttps:\/\/clementchauffage.com\/wp-content\/uploads\/2021\/05\/background-blend.jpg\u00a0\u00bb][et_pb_row _builder_version=\u00a0\u00bb4.9.4&Prime; _module_preset=\u00a0\u00bbdefault\u00a0\u00bb][et_pb_column type=\u00a0\u00bb4_4&Prime; _builder_version=\u00a0\u00bb4.9.4&Prime; _module_preset=\u00a0\u00bbdefault\u00a0\u00bb][et_pb_text _builder_version=\u00a0\u00bb4.9.4&Prime; _module_preset=\u00a0\u00bbdefault\u00a0\u00bb text_font=\u00a0\u00bb||||||||\u00a0\u00bb text_text_color=\u00a0\u00bb#000000&Prime; text_font_size=\u00a0\u00bb20px\u00a0\u00bb text_orientation=\u00a0\u00bbcenter\u00a0\u00bb]<\/p>\n<h4>Appelez-vous d\u00e8s aujourd&rsquo;hui pour un entretien de votre syst\u00e8me de chauffage <\/h4>\n<p>Votre appareil de chauffage fonctionne-t-il bien ? Vous pensez que votre fournaise doit \u00eatre r\u00e9par\u00e9e ? Ou peut-\u00eatre voulez-vous un syst\u00e8me plus performant avant l&rsquo;hiver ? Dans ce cas, nous sommes l&rsquo;entrepreneur CVC \u00e0 appeler. Clement Chauffage Inc. est au service des r\u00e9sidents et des commerces de Prescott-Russell depuis de nombreuses ann\u00e9es et nous avons l&rsquo;exp\u00e9rience, l&rsquo;\u00e9quipement et l&rsquo;expertise pour bien faire le travail la premi\u00e8re fois. Remplissez notre formulaire de soumission pour r\u00e9server une visite d&rsquo;entretien de votre syst\u00e8me de chauffage.<\/p>\n<p>[\/et_pb_text][et_pb_button button_url=\u00a0\u00bb@ET-DC@eyJkeW5hbWljIjp0cnVlLCJjb250ZW50IjoicG9zdF9saW5rX3VybF9wYWdlIiwic2V0dGluZ3MiOnsicG9zdF9pZCI6IjI0In19@\u00a0\u00bb button_text=\u00a0\u00bbSoumission gratuite \u00a0\u00bb button_alignment=\u00a0\u00bbcenter\u00a0\u00bb _builder_version=\u00a0\u00bb4.9.4&Prime; _dynamic_attributes=\u00a0\u00bbbutton_url\u00a0\u00bb _module_preset=\u00a0\u00bbdefault\u00a0\u00bb custom_button=\u00a0\u00bbon\u00a0\u00bb button_text_size=\u00a0\u00bb22px\u00a0\u00bb button_text_color=\u00a0\u00bb#FFFFFF\u00a0\u00bb button_bg_color=\u00a0\u00bb#f8a813&Prime; button_border_color=\u00a0\u00bb#FFFFFF\u00a0\u00bb button_border_radius=\u00a0\u00bb30px\u00a0\u00bb button_font=\u00a0\u00bb|800|||||||\u00a0\u00bb button_use_icon=\u00a0\u00bboff\u00a0\u00bb box_shadow_style=\u00a0\u00bbpreset1&Prime; box_shadow_color=\u00a0\u00bbrgba(248,168,19,0.65)\u00a0\u00bb button_bg_color__hover_enabled=\u00a0\u00bbon|hover\u00a0\u00bb button_bg_color__hover=\u00a0\u00bb#f37321&Prime; button_bg_enable_color__hover=\u00a0\u00bbon\u00a0\u00bb][\/et_pb_button][\/et_pb_column][\/et_pb_row][\/et_pb_section]<\/p>\n","protected":false},"excerpt":{"rendered":"<p>R\u00e9paration, installation et entretien d&rsquo;appareils de chauffage de premier ordre \u00e0 Prescott-RussellIl n&rsquo;y a pas \u00e0 dire, il fait froid l&rsquo;hiver \u00e0 Prescott-Russell. Peu importe dans combien de couvertures ou de v\u00eatements vous vous enveloppez, vous avez besoin d&rsquo;une m\u00e9thode plus fiable pour vous garder au chaud durant les mois les plus froids. Que vous [&hellip;]<\/p>\n","protected":false},"author":1,"featured_media":0,"parent":0,"menu_order":0,"comment_status":"closed","ping_status":"closed","template":"","meta":{"_et_pb_use_builder":"on","_et_pb_old_content":"","_et_gb_content_width":"","footnotes":""},"class_list":["post-677","page","type-page","status-publish","hentry"],"_links":{"self":[{"href":"https:\/\/clementchauffage.com\/fr\/wp-json\/wp\/v2\/pages\/677","targetHints":{"allow":["GET"]}}],"collection":[{"href":"https:\/\/clementchauffage.com\/fr\/wp-json\/wp\/v2\/pages"}],"about":[{"href":"https:\/\/clementchauffage.com\/fr\/wp-json\/wp\/v2\/types\/page"}],"author":[{"embeddable":true,"href":"https:\/\/clementchauffage.com\/fr\/wp-json\/wp\/v2\/users\/1"}],"replies":[{"embeddable":true,"href":"https:\/\/clementchauffage.com\/fr\/wp-json\/wp\/v2\/comments?post=677"}],"version-history":[{"count":11,"href":"https:\/\/clementchauffage.com\/fr\/wp-json\/wp\/v2\/pages\/677\/revisions"}],"predecessor-version":[{"id":824,"href":"https:\/\/clementchauffage.com\/fr\/wp-json\/wp\/v2\/pages\/677\/revisions\/824"}],"wp:attachment":[{"href":"https:\/\/clementchauffage.com\/fr\/wp-json\/wp\/v2\/media?parent=677"}],"curies":[{"name":"wp","href":"https:\/\/api.w.org\/{rel}","templated":true}]}}