{"id":695,"date":"2021-06-30T04:12:53","date_gmt":"2021-06-30T04:12:53","guid":{"rendered":"https:\/\/clement.nddesign.ca\/cvc"},"modified":"2021-06-30T14:10:24","modified_gmt":"2021-06-30T14:10:24","slug":"cvc","status":"publish","type":"page","link":"https:\/\/clementchauffage.com\/fr\/cvc","title":{"rendered":"CVC"},"content":{"rendered":"<p>[et_pb_section fb_built=\u00a0\u00bb1&Prime; _builder_version=\u00a0\u00bb4.9.4&Prime; _module_preset=\u00a0\u00bbdefault\u00a0\u00bb background_image=\u00a0\u00bbhttps:\/\/clementchauffage.com\/wp-content\/uploads\/2021\/05\/background-gold.jpg\u00a0\u00bb custom_padding=\u00a0\u00bb50px||50px||false|false\u00a0\u00bb][et_pb_row _builder_version=\u00a0\u00bb4.9.4&Prime; _module_preset=\u00a0\u00bbdefault\u00a0\u00bb][et_pb_column type=\u00a0\u00bb4_4&Prime; _builder_version=\u00a0\u00bb4.9.4&Prime; _module_preset=\u00a0\u00bbdefault\u00a0\u00bb][et_pb_text _builder_version=\u00a0\u00bb4.9.4&Prime; _module_preset=\u00a0\u00bbdefault\u00a0\u00bb header_font=\u00a0\u00bb|800|||||||\u00a0\u00bb header_text_align=\u00a0\u00bbcenter\u00a0\u00bb header_text_color=\u00a0\u00bb#FFFFFF\u00a0\u00bb header_text_shadow_style=\u00a0\u00bbpreset3&Prime; header_text_shadow_color=\u00a0\u00bb#916f00&Prime;]<\/p>\n<h1>Des services professionnels CVC par des techniciens certifi\u00e9s de Prescott-Russell <\/h1>\n<p>[\/et_pb_text][\/et_pb_column][\/et_pb_row][\/et_pb_section][et_pb_section fb_built=\u00a0\u00bb1&Prime; _builder_version=\u00a0\u00bb4.9.4&Prime; _module_preset=\u00a0\u00bbdefault\u00a0\u00bb custom_padding=\u00a0\u00bb||0px||false|false\u00a0\u00bb][et_pb_row _builder_version=\u00a0\u00bb4.9.4&Prime; _module_preset=\u00a0\u00bbdefault\u00a0\u00bb][et_pb_column type=\u00a0\u00bb4_4&Prime; _builder_version=\u00a0\u00bb4.9.4&Prime; _module_preset=\u00a0\u00bbdefault\u00a0\u00bb][et_pb_text _builder_version=\u00a0\u00bb4.9.4&Prime; _module_preset=\u00a0\u00bbdefault\u00a0\u00bb header_2_font=\u00a0\u00bb|800|||||||\u00a0\u00bb header_2_text_align=\u00a0\u00bbcenter\u00a0\u00bb]<\/p>\n<h2>L&rsquo;entretien de votre syst\u00e8me CVC<\/h2>\n<p>[\/et_pb_text][\/et_pb_column][\/et_pb_row][et_pb_row column_structure=\u00a0\u00bb1_2,1_2&Prime; use_custom_gutter=\u00a0\u00bbon\u00a0\u00bb gutter_width=\u00a0\u00bb2&Prime; _builder_version=\u00a0\u00bb4.9.4&Prime; _module_preset=\u00a0\u00bbdefault\u00a0\u00bb][et_pb_column type=\u00a0\u00bb1_2&Prime; _builder_version=\u00a0\u00bb4.9.4&Prime; _module_preset=\u00a0\u00bbdefault\u00a0\u00bb][et_pb_image src=\u00a0\u00bbhttps:\/\/clementchauffage.com\/wp-content\/uploads\/2021\/06\/hvac-maintenance.jpg\u00a0\u00bb title_text=\u00a0\u00bbhvac-maintenance\u00a0\u00bb _builder_version=\u00a0\u00bb4.9.7&Prime; _module_preset=\u00a0\u00bbdefault\u00a0\u00bb hover_enabled=\u00a0\u00bb0&Prime; alt=\u00a0\u00bbHVAC Maintenance\u00a0\u00bb sticky_enabled=\u00a0\u00bb0&Prime;][\/et_pb_image][\/et_pb_column][et_pb_column type=\u00a0\u00bb1_2&Prime; _builder_version=\u00a0\u00bb4.9.4&Prime; _module_preset=\u00a0\u00bbdefault\u00a0\u00bb][et_pb_text _builder_version=\u00a0\u00bb4.9.4&Prime; _module_preset=\u00a0\u00bbdefault\u00a0\u00bb]<\/p>\n<p>Chez Clement Chauffage Inc., nous croyons qu&rsquo;effectuer l&rsquo;entretien de votre syst\u00e8me CVC pour votre maison ou votre entreprise est la meilleure fa\u00e7on d&rsquo;augmenter l&rsquo;efficacit\u00e9 totale et la long\u00e9vit\u00e9 de votre syst\u00e8me. Un entretien annuel pr\u00e9viendra les petites interruptions ou des pannes plus importantes. Puisque vous ne voulez pas manquer de chauffage en hiver ou de climatisation en \u00e9t\u00e9, l&rsquo;entretien pr\u00e9ventif est la solution.<\/p>\n<p>Bien s\u00fbr, notre \u00e9quipe chevronn\u00e9e fait plus que le simple entretien de votre syst\u00e8me CVC. Nous pouvons r\u00e9parer, installer et entretenir une grande vari\u00e9t\u00e9 de climatiseurs, appareil de chauffage, fournaises, et plus.<\/p>\n<p>[\/et_pb_text][\/et_pb_column][\/et_pb_row][et_pb_row _builder_version=\u00a0\u00bb4.9.4&Prime; _module_preset=\u00a0\u00bbdefault\u00a0\u00bb custom_padding=\u00a0\u00bb||0px||false|false\u00a0\u00bb][et_pb_column type=\u00a0\u00bb4_4&Prime; _builder_version=\u00a0\u00bb4.9.4&Prime; _module_preset=\u00a0\u00bbdefault\u00a0\u00bb][et_pb_divider divider_weight=\u00a0\u00bb4px\u00a0\u00bb _builder_version=\u00a0\u00bb4.9.4&Prime; _module_preset=\u00a0\u00bbdefault\u00a0\u00bb width=\u00a0\u00bb50%\u00a0\u00bb module_alignment=\u00a0\u00bbcenter\u00a0\u00bb][\/et_pb_divider][\/et_pb_column][\/et_pb_row][\/et_pb_section][et_pb_section fb_built=\u00a0\u00bb1&Prime; _builder_version=\u00a0\u00bb4.9.4&Prime; _module_preset=\u00a0\u00bbdefault\u00a0\u00bb custom_padding=\u00a0\u00bb20px||||false|false\u00a0\u00bb][et_pb_row _builder_version=\u00a0\u00bb4.9.4&Prime; _module_preset=\u00a0\u00bbdefault\u00a0\u00bb][et_pb_column type=\u00a0\u00bb4_4&Prime; _builder_version=\u00a0\u00bb4.9.4&Prime; _module_preset=\u00a0\u00bbdefault\u00a0\u00bb][et_pb_text _builder_version=\u00a0\u00bb4.9.4&Prime; _module_preset=\u00a0\u00bbdefault\u00a0\u00bb header_2_font=\u00a0\u00bb|800|||||||\u00a0\u00bb header_2_text_align=\u00a0\u00bbcenter\u00a0\u00bb header_3_font=\u00a0\u00bb|800|||||||\u00a0\u00bb header_3_text_align=\u00a0\u00bbcenter\u00a0\u00bb]<\/p>\n<h2>Qu&rsquo;est-ce que le CVC et pourquoi est-ce important ?<\/h2>\n<p>CVC est une abr\u00e9viation pour chauffage, ventilation et climatisation. Vous entendez peut-\u00eatre aussi syst\u00e8mes de chauffage et de refroidissement pour les b\u00e2timents r\u00e9sidentiels et commerciaux. Les syst\u00e8mes CVC aident \u00e0 r\u00e9partir la chaleur et l&rsquo;air frais dans tout le b\u00e2timent quand c&rsquo;est n\u00e9cessaire. On les utilise aussi pour filtrer les polluants de l&rsquo;air, augmentant ainsi, la qualit\u00e9 de l&rsquo;air int\u00e9rieur pour les gens demeurent en sant\u00e9 et \u00e0 l&rsquo;aise.<\/p>\n<p>[\/et_pb_text][\/et_pb_column][\/et_pb_row][et_pb_row column_structure=\u00a0\u00bb3_5,2_5&Prime; make_equal=\u00a0\u00bbon\u00a0\u00bb _builder_version=\u00a0\u00bb4.9.4&Prime; _module_preset=\u00a0\u00bbdefault\u00a0\u00bb custom_css_main_element=\u00a0\u00bbmargin: auto\u00a0\u00bb][et_pb_column type=\u00a0\u00bb3_5&Prime; _builder_version=\u00a0\u00bb4.9.4&Prime; _module_preset=\u00a0\u00bbdefault\u00a0\u00bb][et_pb_text _builder_version=\u00a0\u00bb4.9.4&Prime; _module_preset=\u00a0\u00bbdefault\u00a0\u00bb header_3_font=\u00a0\u00bb|800|||||||\u00a0\u00bb]<\/p>\n<h3><span>Que comprend l&rsquo;entretien CVC ?<\/span><\/h3>\n<p>Un entretien CVC comporte une longue liste de v\u00e9rifications \u00e0 effectuer que notre technicien fera pour s&rsquo;assurer que vos syst\u00e8mes de chauffage et de climatisation fonctionnent de fa\u00e7on optimale. Mais voyons \u00e7a plus en d\u00e9tail. <\/p>\n<p>Ce genre d&rsquo;entretien de routine permet de d\u00e9celer les petits probl\u00e8mes de votre syst\u00e8me CVC qui pourraient potentiellement devenir beaucoup plus dispendieux plus tard. Le technicien pourrait aussi recommander d&rsquo;autres inspections ou interventions. Le technicien peut \u00e9galement faire l&rsquo;inspection des conduits, des connexions et des raccords de tout le syst\u00e8me CVC afin de d\u00e9tecter les zones o\u00f9 vous pourriez perdre de la chaleur ou de l&rsquo;air frais \u00e0 cause de fuites ou d&rsquo;une mauvaise isolation.<\/p>\n<p>Apr\u00e8s un tel entretien \u2014 et la mise en place des suggestions \u2014, vous constaterez que votre syst\u00e8me CVC fonctionne plus proprement et plus efficacement. Qui sait, vous pourriez faire des \u00e9conomies importantes sur vos factures d&rsquo;\u00e9nergie&nbsp;!<\/p>\n<p>[\/et_pb_text][et_pb_image src=\u00a0\u00bbhttps:\/\/clementchauffage.com\/wp-content\/uploads\/2021\/06\/hvac-servicing.jpg\u00a0\u00bb title_text=\u00a0\u00bbhvac-servicing\u00a0\u00bb _builder_version=\u00a0\u00bb4.9.7&Prime; _module_preset=\u00a0\u00bbdefault\u00a0\u00bb hover_enabled=\u00a0\u00bb0&Prime; alt=\u00a0\u00bbHVAC Servicing\u00a0\u00bb sticky_enabled=\u00a0\u00bb0&Prime;][\/et_pb_image][\/et_pb_column][et_pb_column type=\u00a0\u00bb2_5&Prime; _builder_version=\u00a0\u00bb4.9.4&Prime; _module_preset=\u00a0\u00bbdefault\u00a0\u00bb background_color=\u00a0\u00bb#faf1e0&Prime; custom_padding=\u00a0\u00bb80px|50px|80px|50px|true|true\u00a0\u00bb][et_pb_text module_class=\u00a0\u00bbcheckmark_bullets\u00a0\u00bb _builder_version=\u00a0\u00bb4.9.4&Prime; _module_preset=\u00a0\u00bbdefault\u00a0\u00bb header_3_font_size=\u00a0\u00bb23px\u00a0\u00bb]<\/p>\n<h3>Si vous demandez une mise au point CVC, nous enverrons un technicien certifi\u00e9 qui effectuera les choses suivantes&nbsp;:<\/h3>\n<p>&nbsp;<\/p>\n<ul>\n<li>v\u00e9rification du thermostat et ajustement au besoin. Si votre thermostat ne fonctionne pas correctement ou s&rsquo;il doit \u00eatre remplac\u00e9, le technicien vous fera des recommandations<\/li>\n<li>v\u00e9rifications \u00e9lectriques pour s&rsquo;assurer que toutes les connexions sont s\u00e9curis\u00e9es et que la lecture de la temp\u00e9rature est exacte<\/li>\n<li>inspection de tout appareil \u00e0 l&rsquo;ext\u00e9rieur <\/li>\n<li>v\u00e9rification pour de la condensation<\/li>\n<li>v\u00e9rification de la lubrification des \u00e9quipements<\/li>\n<li>inspection du filtre \u00e0 air pour voir s&rsquo;il doit \u00eatre remplac\u00e9 <\/li>\n<li>examen des serpentins int\u00e9rieurs et ext\u00e9rieurs pour voir s&rsquo;ils doivent \u00eatre remplac\u00e9s<\/li>\n<li>inspection des ventilateurs pour voir s&rsquo;ils sont endommag\u00e9s et s&rsquo;ils fonctionnent correctement <\/li>\n<\/ul>\n<p>[\/et_pb_text][\/et_pb_column][\/et_pb_row][\/et_pb_section][et_pb_section fb_built=\u00a0\u00bb1&Prime; _builder_version=\u00a0\u00bb4.9.4&Prime; _module_preset=\u00a0\u00bbdefault\u00a0\u00bb background_color=\u00a0\u00bb#faf1e0&Prime;][et_pb_row _builder_version=\u00a0\u00bb4.9.4&Prime; _module_preset=\u00a0\u00bbdefault\u00a0\u00bb custom_padding=\u00a0\u00bb||0px||false|false\u00a0\u00bb][et_pb_column type=\u00a0\u00bb4_4&Prime; _builder_version=\u00a0\u00bb4.9.4&Prime; _module_preset=\u00a0\u00bbdefault\u00a0\u00bb][et_pb_text _builder_version=\u00a0\u00bb4.9.4&Prime; _module_preset=\u00a0\u00bbdefault\u00a0\u00bb header_2_font=\u00a0\u00bb|800|||||||\u00a0\u00bb header_2_text_align=\u00a0\u00bbcenter\u00a0\u00bb header_3_font=\u00a0\u00bb|800|||||||\u00a0\u00bb header_3_text_align=\u00a0\u00bbcenter\u00a0\u00bb]<\/p>\n<h3><span lang=\"EN\">Demandez un entretien CVC d\u00e8s aujourd&rsquo;hui <o:p><\/o:p><\/span><\/h3>\n<p>[\/et_pb_text][\/et_pb_column][\/et_pb_row][et_pb_row _builder_version=\u00a0\u00bb4.9.4&Prime; _module_preset=\u00a0\u00bbdefault\u00a0\u00bb][et_pb_column type=\u00a0\u00bb4_4&Prime; _builder_version=\u00a0\u00bb4.9.4&Prime; _module_preset=\u00a0\u00bbdefault\u00a0\u00bb][et_pb_text _builder_version=\u00a0\u00bb4.9.4&Prime; _module_preset=\u00a0\u00bbdefault\u00a0\u00bb]<\/p>\n<p>\u00c7a n&rsquo;a pas d&rsquo;importance si vous recherchez une r\u00e9paration ponctuelle ou si vous voulez \u00e9tablir un plan d&rsquo;entretien. L&rsquo;\u00e9quipe de Clement Chauffage s&rsquo;assurera que votre syst\u00e8me CVC fonctionne correctement \u00e0 longueur d&rsquo;ann\u00e9e. Nous savons comment vous aider \u00e0 \u00e9conomiser des centaines ou de milliers de dollars par ann\u00e9e simplement en faisant la mise au point de votre syst\u00e8me CVC.<\/p>\n<p>[\/et_pb_text][\/et_pb_column][\/et_pb_row][\/et_pb_section][et_pb_section fb_built=\u00a0\u00bb1&Prime; _builder_version=\u00a0\u00bb4.9.4&Prime; _module_preset=\u00a0\u00bbdefault\u00a0\u00bb background_enable_color=\u00a0\u00bboff\u00a0\u00bb background_image=\u00a0\u00bbhttps:\/\/clementchauffage.com\/wp-content\/uploads\/2021\/05\/background-blend.jpg\u00a0\u00bb][et_pb_row _builder_version=\u00a0\u00bb4.9.4&Prime; _module_preset=\u00a0\u00bbdefault\u00a0\u00bb max_width=\u00a0\u00bb953px\u00a0\u00bb][et_pb_column type=\u00a0\u00bb4_4&Prime; _builder_version=\u00a0\u00bb4.9.4&Prime; _module_preset=\u00a0\u00bbdefault\u00a0\u00bb][et_pb_text _builder_version=\u00a0\u00bb4.9.4&Prime; _module_preset=\u00a0\u00bbdefault\u00a0\u00bb text_font=\u00a0\u00bb||||||||\u00a0\u00bb text_text_color=\u00a0\u00bb#000000&Prime; text_font_size=\u00a0\u00bb20px\u00a0\u00bb text_orientation=\u00a0\u00bbcenter\u00a0\u00bb]<\/p>\n<p>Communiquez avec Clement Chauffage Inc. pour prendre rendez-vous. Vous pouvez aussi nous demander comment mettre en place un plan d&rsquo;entretien pr\u00e9ventif, ou nous posez toute question que vous pourriez avoir.<\/p>\n<p>[\/et_pb_text][et_pb_button button_url=\u00a0\u00bb@ET-DC@eyJkeW5hbWljIjp0cnVlLCJjb250ZW50IjoicG9zdF9saW5rX3VybF9wYWdlIiwic2V0dGluZ3MiOnsicG9zdF9pZCI6IjI0In19@\u00a0\u00bb button_text=\u00a0\u00bbSoumission gratuite \u00a0\u00bb button_alignment=\u00a0\u00bbcenter\u00a0\u00bb _builder_version=\u00a0\u00bb4.9.4&Prime; _dynamic_attributes=\u00a0\u00bbbutton_url\u00a0\u00bb _module_preset=\u00a0\u00bbdefault\u00a0\u00bb custom_button=\u00a0\u00bbon\u00a0\u00bb button_text_size=\u00a0\u00bb22px\u00a0\u00bb button_text_color=\u00a0\u00bb#FFFFFF\u00a0\u00bb button_bg_color=\u00a0\u00bb#f8a813&Prime; button_border_color=\u00a0\u00bb#FFFFFF\u00a0\u00bb button_border_radius=\u00a0\u00bb30px\u00a0\u00bb button_font=\u00a0\u00bb|800|||||||\u00a0\u00bb button_use_icon=\u00a0\u00bboff\u00a0\u00bb box_shadow_style=\u00a0\u00bbpreset1&Prime; box_shadow_color=\u00a0\u00bbrgba(248,168,19,0.65)\u00a0\u00bb button_bg_color__hover_enabled=\u00a0\u00bbon|hover\u00a0\u00bb button_bg_color__hover=\u00a0\u00bb#f37321&Prime; button_bg_enable_color__hover=\u00a0\u00bbon\u00a0\u00bb][\/et_pb_button][\/et_pb_column][\/et_pb_row][\/et_pb_section]<\/p>\n","protected":false},"excerpt":{"rendered":"<p>Des services professionnels CVC par des techniciens certifi\u00e9s de Prescott-Russell L&rsquo;entretien de votre syst\u00e8me CVCChez Clement Chauffage Inc., nous croyons qu&rsquo;effectuer l&rsquo;entretien de votre syst\u00e8me CVC pour votre maison ou votre entreprise est la meilleure fa\u00e7on d&rsquo;augmenter l&rsquo;efficacit\u00e9 totale et la long\u00e9vit\u00e9 de votre syst\u00e8me. Un entretien annuel pr\u00e9viendra les petites interruptions ou des pannes [&hellip;]<\/p>\n","protected":false},"author":1,"featured_media":0,"parent":0,"menu_order":0,"comment_status":"closed","ping_status":"closed","template":"","meta":{"_et_pb_use_builder":"on","_et_pb_old_content":"","_et_gb_content_width":"","footnotes":""},"class_list":["post-695","page","type-page","status-publish","hentry"],"_links":{"self":[{"href":"https:\/\/clementchauffage.com\/fr\/wp-json\/wp\/v2\/pages\/695","targetHints":{"allow":["GET"]}}],"collection":[{"href":"https:\/\/clementchauffage.com\/fr\/wp-json\/wp\/v2\/pages"}],"about":[{"href":"https:\/\/clementchauffage.com\/fr\/wp-json\/wp\/v2\/types\/page"}],"author":[{"embeddable":true,"href":"https:\/\/clementchauffage.com\/fr\/wp-json\/wp\/v2\/users\/1"}],"replies":[{"embeddable":true,"href":"https:\/\/clementchauffage.com\/fr\/wp-json\/wp\/v2\/comments?post=695"}],"version-history":[{"count":11,"href":"https:\/\/clementchauffage.com\/fr\/wp-json\/wp\/v2\/pages\/695\/revisions"}],"predecessor-version":[{"id":821,"href":"https:\/\/clementchauffage.com\/fr\/wp-json\/wp\/v2\/pages\/695\/revisions\/821"}],"wp:attachment":[{"href":"https:\/\/clementchauffage.com\/fr\/wp-json\/wp\/v2\/media?parent=695"}],"curies":[{"name":"wp","href":"https:\/\/api.w.org\/{rel}","templated":true}]}}