{"id":708,"date":"2021-06-30T05:01:56","date_gmt":"2021-06-30T05:01:56","guid":{"rendered":"https:\/\/clement.nddesign.ca\/de-la-qualite-de-lair-int"},"modified":"2021-06-30T13:56:10","modified_gmt":"2021-06-30T13:56:10","slug":"de-la-qualite-de-lair-int","status":"publish","type":"page","link":"https:\/\/clementchauffage.com\/fr\/de-la-qualite-de-lair-int","title":{"rendered":"Qualit\u00e9 de l&rsquo;air int\u00e9rieur"},"content":{"rendered":"<p>[et_pb_section fb_built=\u00a0\u00bb1&Prime; _builder_version=\u00a0\u00bb4.9.4&Prime; _module_preset=\u00a0\u00bbdefault\u00a0\u00bb background_image=\u00a0\u00bbhttps:\/\/clementchauffage.com\/wp-content\/uploads\/2021\/05\/background-gold.jpg\u00a0\u00bb custom_padding=\u00a0\u00bb50px||50px||false|false\u00a0\u00bb][et_pb_row _builder_version=\u00a0\u00bb4.9.4&Prime; _module_preset=\u00a0\u00bbdefault\u00a0\u00bb][et_pb_column type=\u00a0\u00bb4_4&Prime; _builder_version=\u00a0\u00bb4.9.4&Prime; _module_preset=\u00a0\u00bbdefault\u00a0\u00bb][et_pb_text _builder_version=\u00a0\u00bb4.9.7&Prime; _module_preset=\u00a0\u00bbdefault\u00a0\u00bb header_font=\u00a0\u00bb|800|||||||\u00a0\u00bb header_text_align=\u00a0\u00bbcenter\u00a0\u00bb header_text_color=\u00a0\u00bb#FFFFFF\u00a0\u00bb header_text_shadow_style=\u00a0\u00bbpreset3&Prime; header_text_shadow_color=\u00a0\u00bb#916f00&Prime;]<\/p>\n<h1>Service de la qualit\u00e9 de l&rsquo;air int\u00e9rieur<\/h1>\n<p>[\/et_pb_text][\/et_pb_column][\/et_pb_row][\/et_pb_section][et_pb_section fb_built=\u00a0\u00bb1&Prime; _builder_version=\u00a0\u00bb4.9.4&Prime; _module_preset=\u00a0\u00bbdefault\u00a0\u00bb custom_padding=\u00a0\u00bb||26px||false|false\u00a0\u00bb][et_pb_row column_structure=\u00a0\u00bb2_3,1_3&Prime; use_custom_gutter=\u00a0\u00bbon\u00a0\u00bb gutter_width=\u00a0\u00bb2&Prime; _builder_version=\u00a0\u00bb4.9.7&Prime; _module_preset=\u00a0\u00bbdefault\u00a0\u00bb][et_pb_column type=\u00a0\u00bb2_3&Prime; _builder_version=\u00a0\u00bb4.9.4&Prime; _module_preset=\u00a0\u00bbdefault\u00a0\u00bb][et_pb_image src=\u00a0\u00bbhttps:\/\/clementchauffage.com\/wp-content\/uploads\/2021\/06\/indoor-air-quality.jpg\u00a0\u00bb alt=\u00a0\u00bbde la qualit\u00e9 de l&rsquo;air int\u00a0\u00bb title_text=\u00a0\u00bbindoor-air-quality\u00a0\u00bb _builder_version=\u00a0\u00bb4.9.7&Prime; _module_preset=\u00a0\u00bbdefault\u00a0\u00bb][\/et_pb_image][\/et_pb_column][et_pb_column type=\u00a0\u00bb1_3&Prime; _builder_version=\u00a0\u00bb4.9.4&Prime; _module_preset=\u00a0\u00bbdefault\u00a0\u00bb][et_pb_text _builder_version=\u00a0\u00bb4.9.7&Prime; _module_preset=\u00a0\u00bbdefault\u00a0\u00bb header_2_font=\u00a0\u00bb|800|||||||\u00a0\u00bb header_2_font_size=\u00a0\u00bb34px\u00a0\u00bb]<\/p>\n<h2><span>Le meilleur service de qualit\u00e9 de l&rsquo;air int\u00e9rieur \u00e0 Ottawa<\/span><\/h2>\n<p>Saviez-vous que, dans la plupart des maisons, l&rsquo;air est plus pollu\u00e9 que celui de l&rsquo;ext\u00e9rieur ? \u00c9tant donn\u00e9 qu&rsquo;on passe nos vies surtout \u00e0 l&rsquo;int\u00e9rieur, il est important que nous portions attention \u00e0 notre syst\u00e8me CVC et \u00e0 la qualit\u00e9 de l&rsquo;air qu&rsquo;il produit.<\/p>\n<p>Chez Clement Chauffage, nous offrons des options pour am\u00e9liorer la qualit\u00e9 de l&rsquo;air int\u00e9rieur de votre maison ou de votre entreprise, comme des syst\u00e8mes pour l&rsquo;humidification, la ventilation, le nettoyage et la purification de l&rsquo;air, et la filtration.<\/p>\n<p>[\/et_pb_text][\/et_pb_column][\/et_pb_row][et_pb_row column_structure=\u00a0\u00bb1_2,1_2&Prime; _builder_version=\u00a0\u00bb4.9.7&Prime; _module_preset=\u00a0\u00bbdefault\u00a0\u00bb][et_pb_column type=\u00a0\u00bb1_2&Prime; _builder_version=\u00a0\u00bb4.9.7&Prime; _module_preset=\u00a0\u00bbdefault\u00a0\u00bb][et_pb_text _builder_version=\u00a0\u00bb4.9.7&Prime; _module_preset=\u00a0\u00bbdefault\u00a0\u00bb]<\/p>\n<p>Une meilleure qualit\u00e9 de l&rsquo;air int\u00e9rieur apporte des b\u00e9n\u00e9fices :<\/p>\n<ul>\n<li>Diminution des sympt\u00f4mes d&rsquo;allergies<\/li>\n<li>Diminution de la poussi\u00e8re<\/li>\n<li>Augmentation de l&rsquo;\u00e9nergie et de la productivit\u00e9 <\/li>\n<li>Co\u00fbts des services publics r\u00e9duits<\/li>\n<li>Augmentation ou diminution de l&rsquo;humidit\u00e9, selon vos besoins <\/li>\n<\/ul>\n<p>[\/et_pb_text][\/et_pb_column][et_pb_column type=\u00a0\u00bb1_2&Prime; _builder_version=\u00a0\u00bb4.9.7&Prime; _module_preset=\u00a0\u00bbdefault\u00a0\u00bb][et_pb_text _builder_version=\u00a0\u00bb4.9.7&Prime; _module_preset=\u00a0\u00bbdefault\u00a0\u00bb]<\/p>\n<p>Notre service de qualit\u00e9 de l&rsquo;air int\u00e9rieur (QAI) examine votre syst\u00e8me CVC en profondeur afin de d\u00e9tecter tout probl\u00e8me potentiel. Une fois que notre technicien aura r\u00e9solu les probl\u00e8mes, vous remarquerez presque imm\u00e9diatement que l&rsquo;air est plus propre et plus frais !<\/p>\n<p>[\/et_pb_text][\/et_pb_column][\/et_pb_row][et_pb_row _builder_version=\u00a0\u00bb4.9.4&Prime; _module_preset=\u00a0\u00bbdefault\u00a0\u00bb custom_padding=\u00a0\u00bb||0px||false|false\u00a0\u00bb][et_pb_column type=\u00a0\u00bb4_4&Prime; _builder_version=\u00a0\u00bb4.9.4&Prime; _module_preset=\u00a0\u00bbdefault\u00a0\u00bb][et_pb_divider divider_weight=\u00a0\u00bb4px\u00a0\u00bb _builder_version=\u00a0\u00bb4.9.4&Prime; _module_preset=\u00a0\u00bbdefault\u00a0\u00bb width=\u00a0\u00bb50%\u00a0\u00bb module_alignment=\u00a0\u00bbcenter\u00a0\u00bb][\/et_pb_divider][\/et_pb_column][\/et_pb_row][et_pb_row _builder_version=\u00a0\u00bb4.9.7&Prime; _module_preset=\u00a0\u00bbdefault\u00a0\u00bb][et_pb_column type=\u00a0\u00bb4_4&Prime; _builder_version=\u00a0\u00bb4.9.7&Prime; _module_preset=\u00a0\u00bbdefault\u00a0\u00bb][et_pb_text _builder_version=\u00a0\u00bb4.9.7&Prime; _module_preset=\u00a0\u00bbdefault\u00a0\u00bb header_2_font=\u00a0\u00bb|800|||||||\u00a0\u00bb header_2_font_size=\u00a0\u00bb34px\u00a0\u00bb]<\/p>\n<h2><span>CVC et qualit\u00e9 de l&rsquo;air<\/span><\/h2>\n<p>Les syst\u00e8mes CVC travaillent \u00e0 maintenir la temp\u00e9rature de votre maison ou de votre entreprise \u00e0 un niveau confortable, et \u00e0 assurer une grande qualit\u00e9 de l&rsquo;air int\u00e9rieur. Tous les syst\u00e8mes ont le potentiel de diffuser les salet\u00e9s et la poussi\u00e8re, particuli\u00e8rement si l&rsquo;entretien est n\u00e9glig\u00e9 et les filtres ne sont pas nettoy\u00e9s. Si c&rsquo;est le cas, vous pourriez remarquer que vos allergies sont pires et que votre facture d&rsquo;\u00e9nergie a augment\u00e9.<\/p>\n<p>[\/et_pb_text][\/et_pb_column][\/et_pb_row][et_pb_row column_structure=\u00a0\u00bb2_5,3_5&Prime; _builder_version=\u00a0\u00bb4.9.7&Prime; _module_preset=\u00a0\u00bbdefault\u00a0\u00bb custom_padding=\u00a0\u00bb||10px|||\u00a0\u00bb][et_pb_column type=\u00a0\u00bb2_5&Prime; _builder_version=\u00a0\u00bb4.9.7&Prime; _module_preset=\u00a0\u00bbdefault\u00a0\u00bb][et_pb_text _builder_version=\u00a0\u00bb4.9.7&Prime; _module_preset=\u00a0\u00bbdefault\u00a0\u00bb header_2_font=\u00a0\u00bb|800|||||||\u00a0\u00bb header_2_font_size=\u00a0\u00bb34px\u00a0\u00bb header_3_font=\u00a0\u00bb|800|||||||\u00a0\u00bb header_3_font_size=\u00a0\u00bb27px\u00a0\u00bb]<\/p>\n<h3>Est-ce que vous ou votre famille souffrez de maladies ou d&rsquo;allergies ?<\/h3>\n<p>Voici quelque chose \u00e0 laquelle vous n&rsquo;avez peut-\u00eatre jamais pens\u00e9 : l&rsquo;isolation plus efficace de nos maisons am\u00e8ne une diminution de la qualit\u00e9 de l&rsquo;air int\u00e9rieur. Au cours des ann\u00e9es, l&rsquo;isolation des maisons, des bureaux et des commerces est devenue beaucoup plus efficace. Cependant, cela cause aussi un probl\u00e8me : moins de circulation d&rsquo;air. Ainsi, il y a plus d&rsquo;allerg\u00e8nes et de compos\u00e9s organiques volatils (COV), provenant de produits de nettoyage, \u00e0 l&rsquo;int\u00e9rieur. Les virus et les bact\u00e9ries prolif\u00e8rent, particuli\u00e8rement en hiver.<\/p>\n<p>[\/et_pb_text][\/et_pb_column][et_pb_column type=\u00a0\u00bb3_5&Prime; _builder_version=\u00a0\u00bb4.9.7&Prime; _module_preset=\u00a0\u00bbdefault\u00a0\u00bb][et_pb_image src=\u00a0\u00bbhttps:\/\/clementchauffage.com\/wp-content\/uploads\/2021\/06\/indoor-air-systems.jpg\u00a0\u00bb alt=\u00a0\u00bbIndoor Air Systems\u00a0\u00bb title_text=\u00a0\u00bbindoor-air-systems\u00a0\u00bb _builder_version=\u00a0\u00bb4.9.7&Prime; _module_preset=\u00a0\u00bbdefault\u00a0\u00bb][\/et_pb_image][\/et_pb_column][\/et_pb_row][\/et_pb_section][et_pb_section fb_built=\u00a0\u00bb1&Prime; _builder_version=\u00a0\u00bb4.9.4&Prime; _module_preset=\u00a0\u00bbdefault\u00a0\u00bb custom_padding=\u00a0\u00bb20px||||false|false\u00a0\u00bb][et_pb_row column_structure=\u00a0\u00bb1_2,1_2&Prime; make_equal=\u00a0\u00bbon\u00a0\u00bb _builder_version=\u00a0\u00bb4.9.7&Prime; _module_preset=\u00a0\u00bbdefault\u00a0\u00bb][et_pb_column type=\u00a0\u00bb1_2&Prime; _builder_version=\u00a0\u00bb4.9.4&Prime; _module_preset=\u00a0\u00bbdefault\u00a0\u00bb background_color=\u00a0\u00bb#faf1e0&Prime; custom_padding=\u00a0\u00bb80px|50px|80px|50px|true|true\u00a0\u00bb][et_pb_text module_class=\u00a0\u00bbcheckmark_bullets\u00a0\u00bb _builder_version=\u00a0\u00bb4.9.7&Prime; _module_preset=\u00a0\u00bbdefault\u00a0\u00bb header_2_font=\u00a0\u00bb|800|||||||\u00a0\u00bb header_3_font_size=\u00a0\u00bb23px\u00a0\u00bb header_3_line_height=\u00a0\u00bb1.1em\u00a0\u00bb]<\/p>\n<h2><span>Nos solutions pour la qualit\u00e9 de l&rsquo;air int\u00e9rieur<\/span><\/h2>\n<p>Heureusement, vous pouvez facilement am\u00e9liorer la qualit\u00e9 de l&rsquo;air int\u00e9rieur. En plus de l&rsquo;\u00e9poussetage et du nettoyage habituel et de l&rsquo;entretien du syst\u00e8me CVC, vous pouvez demander les services suivants :<br \/>\n&nbsp;<\/p>\n<ul>\n<li>Am\u00e9lioration et installation de ventilation <\/li>\n<li>Syst\u00e8mes de filtres \u00e0 air<\/li>\n<li>\u00c9purateurs d&rsquo;air<\/li>\n<li>Purificateurs d&rsquo;air<\/li>\n<li>Irradiation de l&rsquo;air<\/li>\n<li>Dispositifs d&rsquo;ionisation <\/li>\n<li>Humidificateurs et d\u00e9shumidificateurs <\/li>\n<\/ul>\n<p>[\/et_pb_text][\/et_pb_column][et_pb_column type=\u00a0\u00bb1_2&Prime; _builder_version=\u00a0\u00bb4.9.4&Prime; _module_preset=\u00a0\u00bbdefault\u00a0\u00bb][et_pb_text _builder_version=\u00a0\u00bb4.9.7&Prime; _module_preset=\u00a0\u00bbdefault\u00a0\u00bb]<\/p>\n<p>Vous devez aussi compter avec les filtres \u00e0 air encrass\u00e9s. Avec le temps, le syst\u00e8me de filtration capte toutes sortes de dangereux contaminants qui sont dans l&rsquo;air. Lorsque le filtre est encrass\u00e9, le syst\u00e8me CVC doit travailler deux fois plus, et des polluants se retrouvent quand m\u00eame dans l&rsquo;air. Simplement changer un vieux filtre peut faire des merveilles pour la qualit\u00e9 de l&rsquo;air. En fait, un filtre \u00e0 air propre peut retenir les squames animales, le pollen, les bact\u00e9ries, les spores de moisissures, et bien plus !<\/p>\n<p>Si vous avez vu vos allergies empirer ou que des sympt\u00f4mes respiratoires s&rsquo;aggravent, \u00e7a pourrait \u00eatre caus\u00e9 par un syst\u00e8me CVC inefficace. Remplacer les filtres et installer des purificateurs d&rsquo;air peut diminuer les contaminants de l&rsquo;air.<\/p>\n<p>[\/et_pb_text][et_pb_image src=\u00a0\u00bbhttps:\/\/clementchauffage.com\/wp-content\/uploads\/2021\/06\/clean-air.jpg\u00a0\u00bb alt=\u00a0\u00bbClean Air\u00a0\u00bb title_text=\u00a0\u00bbclean-air\u00a0\u00bb _builder_version=\u00a0\u00bb4.9.7&Prime; _module_preset=\u00a0\u00bbdefault\u00a0\u00bb][\/et_pb_image][\/et_pb_column][\/et_pb_row][\/et_pb_section][et_pb_section fb_built=\u00a0\u00bb1&Prime; _builder_version=\u00a0\u00bb4.9.4&Prime; _module_preset=\u00a0\u00bbdefault\u00a0\u00bb background_enable_color=\u00a0\u00bboff\u00a0\u00bb background_image=\u00a0\u00bbhttps:\/\/clementchauffage.com\/wp-content\/uploads\/2021\/05\/background-blend.jpg\u00a0\u00bb][et_pb_row _builder_version=\u00a0\u00bb4.9.4&Prime; _module_preset=\u00a0\u00bbdefault\u00a0\u00bb][et_pb_column type=\u00a0\u00bb4_4&Prime; _builder_version=\u00a0\u00bb4.9.4&Prime; _module_preset=\u00a0\u00bbdefault\u00a0\u00bb][et_pb_text _builder_version=\u00a0\u00bb4.9.7&Prime; _module_preset=\u00a0\u00bbdefault\u00a0\u00bb text_font=\u00a0\u00bb||||||||\u00a0\u00bb text_text_color=\u00a0\u00bb#000000&Prime; text_font_size=\u00a0\u00bb20px\u00a0\u00bb text_orientation=\u00a0\u00bbcenter\u00a0\u00bb]<\/p>\n<h4>Vivez en s\u00e9curit\u00e9 et en tout confort gr\u00e2ce \u00e0 nos services de qualit\u00e9 de l&rsquo;air int\u00e9rieur<\/h4>\n<p>Que vous vouliez diminuer la poussi\u00e8re ou prot\u00e9ger votre maison des germes, bact\u00e9ries et allerg\u00e8nes, Clement Chauffage a la solution pour obtenir un environnement plus sain. Nos techniciens CVC peuvent vous recommander des solutions, r\u00e9parer vos \u00e9quipements, et m\u00eame installer des technologies pour am\u00e9liorer la qualit\u00e9 de l&rsquo;air int\u00e9rieur.<\/p>\n<p>Remplissez notre formulaire de soumission pour en savoir plus au sujet de nos services de qualit\u00e9 de l&rsquo;air int\u00e9rieur.<\/p>\n<p>[\/et_pb_text][et_pb_button button_url=\u00a0\u00bb@ET-DC@eyJkeW5hbWljIjp0cnVlLCJjb250ZW50IjoicG9zdF9saW5rX3VybF9wYWdlIiwic2V0dGluZ3MiOnsicG9zdF9pZCI6IjI0In19@\u00a0\u00bb button_text=\u00a0\u00bbSoumission gratuite \u00a0\u00bb button_alignment=\u00a0\u00bbcenter\u00a0\u00bb _builder_version=\u00a0\u00bb4.9.4&Prime; _dynamic_attributes=\u00a0\u00bbbutton_url\u00a0\u00bb _module_preset=\u00a0\u00bbdefault\u00a0\u00bb custom_button=\u00a0\u00bbon\u00a0\u00bb button_text_size=\u00a0\u00bb22px\u00a0\u00bb button_text_color=\u00a0\u00bb#FFFFFF\u00a0\u00bb button_bg_color=\u00a0\u00bb#f8a813&Prime; button_border_color=\u00a0\u00bb#FFFFFF\u00a0\u00bb button_border_radius=\u00a0\u00bb30px\u00a0\u00bb button_font=\u00a0\u00bb|800|||||||\u00a0\u00bb button_use_icon=\u00a0\u00bboff\u00a0\u00bb box_shadow_style=\u00a0\u00bbpreset1&Prime; box_shadow_color=\u00a0\u00bbrgba(248,168,19,0.65)\u00a0\u00bb button_bg_color__hover_enabled=\u00a0\u00bbon|hover\u00a0\u00bb button_bg_color__hover=\u00a0\u00bb#f37321&Prime; button_bg_enable_color__hover=\u00a0\u00bbon\u00a0\u00bb][\/et_pb_button][\/et_pb_column][\/et_pb_row][\/et_pb_section]<\/p>\n","protected":false},"excerpt":{"rendered":"<p>Service de la qualit\u00e9 de l&rsquo;air int\u00e9rieurLe meilleur service de qualit\u00e9 de l&rsquo;air int\u00e9rieur \u00e0 Ottawa Saviez-vous que, dans la plupart des maisons, l&rsquo;air est plus pollu\u00e9 que celui de l&rsquo;ext\u00e9rieur ? \u00c9tant donn\u00e9 qu&rsquo;on passe nos vies surtout \u00e0 l&rsquo;int\u00e9rieur, il est important que nous portions attention \u00e0 notre syst\u00e8me CVC et \u00e0 la [&hellip;]<\/p>\n","protected":false},"author":1,"featured_media":0,"parent":0,"menu_order":0,"comment_status":"closed","ping_status":"closed","template":"","meta":{"_et_pb_use_builder":"on","_et_pb_old_content":"","_et_gb_content_width":"","footnotes":""},"class_list":["post-708","page","type-page","status-publish","hentry"],"_links":{"self":[{"href":"https:\/\/clementchauffage.com\/fr\/wp-json\/wp\/v2\/pages\/708","targetHints":{"allow":["GET"]}}],"collection":[{"href":"https:\/\/clementchauffage.com\/fr\/wp-json\/wp\/v2\/pages"}],"about":[{"href":"https:\/\/clementchauffage.com\/fr\/wp-json\/wp\/v2\/types\/page"}],"author":[{"embeddable":true,"href":"https:\/\/clementchauffage.com\/fr\/wp-json\/wp\/v2\/users\/1"}],"replies":[{"embeddable":true,"href":"https:\/\/clementchauffage.com\/fr\/wp-json\/wp\/v2\/comments?post=708"}],"version-history":[{"count":10,"href":"https:\/\/clementchauffage.com\/fr\/wp-json\/wp\/v2\/pages\/708\/revisions"}],"predecessor-version":[{"id":806,"href":"https:\/\/clementchauffage.com\/fr\/wp-json\/wp\/v2\/pages\/708\/revisions\/806"}],"wp:attachment":[{"href":"https:\/\/clementchauffage.com\/fr\/wp-json\/wp\/v2\/media?parent=708"}],"curies":[{"name":"wp","href":"https:\/\/api.w.org\/{rel}","templated":true}]}}