{"id":742,"date":"2021-06-30T05:52:10","date_gmt":"2021-06-30T05:52:10","guid":{"rendered":"https:\/\/clement.nddesign.ca\/faq"},"modified":"2021-06-30T14:53:40","modified_gmt":"2021-06-30T14:53:40","slug":"faq","status":"publish","type":"page","link":"https:\/\/clementchauffage.com\/fr\/faq","title":{"rendered":"FAQ"},"content":{"rendered":"<p>[et_pb_section fb_built=\u00a0\u00bb1&Prime; _builder_version=\u00a0\u00bb4.9.4&Prime; _module_preset=\u00a0\u00bbdefault\u00a0\u00bb background_image=\u00a0\u00bbhttps:\/\/clementchauffage.com\/wp-content\/uploads\/2021\/05\/background-gold.jpg\u00a0\u00bb custom_padding=\u00a0\u00bb50px||50px||false|false\u00a0\u00bb][et_pb_row _builder_version=\u00a0\u00bb4.9.4&Prime; _module_preset=\u00a0\u00bbdefault\u00a0\u00bb][et_pb_column type=\u00a0\u00bb4_4&Prime; _builder_version=\u00a0\u00bb4.9.4&Prime; _module_preset=\u00a0\u00bbdefault\u00a0\u00bb][et_pb_text _builder_version=\u00a0\u00bb4.9.4&Prime; _module_preset=\u00a0\u00bbdefault\u00a0\u00bb header_font=\u00a0\u00bb|800|||||||\u00a0\u00bb header_text_align=\u00a0\u00bbcenter\u00a0\u00bb header_text_color=\u00a0\u00bb#FFFFFF\u00a0\u00bb header_text_shadow_style=\u00a0\u00bbpreset3&Prime; header_text_shadow_color=\u00a0\u00bb#916f00&Prime;]<\/p>\n<h1>FAQ CVC<\/h1>\n<p>[\/et_pb_text][\/et_pb_column][\/et_pb_row][\/et_pb_section][et_pb_section fb_built=\u00a0\u00bb1&Prime; _builder_version=\u00a0\u00bb4.9.4&Prime; _module_preset=\u00a0\u00bbdefault\u00a0\u00bb custom_padding=\u00a0\u00bb||0px||false|false\u00a0\u00bb][et_pb_row use_custom_gutter=\u00a0\u00bbon\u00a0\u00bb gutter_width=\u00a0\u00bb2&Prime; _builder_version=\u00a0\u00bb4.9.4&Prime; _module_preset=\u00a0\u00bbdefault\u00a0\u00bb][et_pb_column type=\u00a0\u00bb4_4&Prime; _builder_version=\u00a0\u00bb4.9.4&Prime; _module_preset=\u00a0\u00bbdefault\u00a0\u00bb][et_pb_text _builder_version=\u00a0\u00bb4.9.4&Prime; _module_preset=\u00a0\u00bbdefault\u00a0\u00bb text_font_size=\u00a0\u00bb19px\u00a0\u00bb text_orientation=\u00a0\u00bbcenter\u00a0\u00bb]<\/p>\n<p>Nous recevons beaucoup de questions \u00e0 propos du CVC. Consultez les questions les plus courantes ci-apr\u00e8s. Si la r\u00e9ponse que vous cherchez n&rsquo;y est pas, faites-le-nous savoir !<\/p>\n<p>[\/et_pb_text][\/et_pb_column][\/et_pb_row][et_pb_row _builder_version=\u00a0\u00bb4.9.4&Prime; _module_preset=\u00a0\u00bbdefault\u00a0\u00bb custom_padding=\u00a0\u00bb||0px||false|false\u00a0\u00bb][et_pb_column type=\u00a0\u00bb4_4&Prime; _builder_version=\u00a0\u00bb4.9.4&Prime; _module_preset=\u00a0\u00bbdefault\u00a0\u00bb][et_pb_divider divider_weight=\u00a0\u00bb4px\u00a0\u00bb _builder_version=\u00a0\u00bb4.9.4&Prime; _module_preset=\u00a0\u00bbdefault\u00a0\u00bb width=\u00a0\u00bb50%\u00a0\u00bb module_alignment=\u00a0\u00bbcenter\u00a0\u00bb][\/et_pb_divider][\/et_pb_column][\/et_pb_row][\/et_pb_section][et_pb_section fb_built=\u00a0\u00bb1&Prime; _builder_version=\u00a0\u00bb4.9.4&Prime; _module_preset=\u00a0\u00bbdefault\u00a0\u00bb custom_padding=\u00a0\u00bb20px||||false|false\u00a0\u00bb][et_pb_row _builder_version=\u00a0\u00bb4.9.4&Prime; _module_preset=\u00a0\u00bbdefault\u00a0\u00bb][et_pb_column type=\u00a0\u00bb4_4&Prime; _builder_version=\u00a0\u00bb4.9.4&Prime; _module_preset=\u00a0\u00bbdefault\u00a0\u00bb][et_pb_accordion _builder_version=\u00a0\u00bb4.9.7&Prime; _module_preset=\u00a0\u00bbdefault\u00a0\u00bb hover_enabled=\u00a0\u00bb0&Prime; toggle_font_size=\u00a0\u00bb20px\u00a0\u00bb sticky_enabled=\u00a0\u00bb0&Prime;][et_pb_accordion_item title=\u00a0\u00bb1. Que veulent-dire les lettres CVC ? \u00a0\u00bb open=\u00a0\u00bbon\u00a0\u00bb _builder_version=\u00a0\u00bb4.9.4&Prime; _module_preset=\u00a0\u00bbdefault\u00a0\u00bb toggle_level=\u00a0\u00bbh2&Prime; toggle_font=\u00a0\u00bb|800|||||||\u00a0\u00bb]<\/p>\n<p>CVC est un acronyme pour chauffage-ventilation-climatisation. C&rsquo;est un terme g\u00e9n\u00e9rique pour parler des syst\u00e8mes de chauffage et de climatisation de maisons, entreprises ou v\u00e9hicules. L&rsquo;\u00e9quipement CVC se d\u00e9cline en bien des variations. Lorsque vous parlez de CVC, vous pourriez parler de climatiseur portable, central ou de fen\u00eatre; de syst\u00e8mes \u00e0 deux fonctions; de conduits; de chauffage, de fournaises et de chaudi\u00e8res; et d&rsquo;autres encore.<\/p>\n<p>[\/et_pb_accordion_item][et_pb_accordion_item title=\u00a0\u00bb2. Comment savoir si je dois changer mon climatiseur ? \u00a0\u00bb _builder_version=\u00a0\u00bb4.9.4&Prime; _module_preset=\u00a0\u00bbdefault\u00a0\u00bb toggle_level=\u00a0\u00bbh2&Prime; toggle_font=\u00a0\u00bb|800|||||||\u00a0\u00bb open=\u00a0\u00bboff\u00a0\u00bb]<\/p>\n<p>Vous demandez-vous si on doit le r\u00e9parer ou le changer ? Soyez attentifs aux signes comme de l&rsquo;air chaud qui sort des \u00e9vents, ce qui pourrait indiquer un faible niveau de fr\u00e9on. Pas de flux d&rsquo;air, de l&rsquo;humidit\u00e9 autour de l&rsquo;appareil, des grincements et cliquetis inhabituels et un thermostat qui ne fonctionne pas bien sont tous des signes que votre climatiseur est probablement au bout du rouleau. Ainsi, si votre syst\u00e8me CVC a plus de 10-15 ans, vous pourriez consid\u00e9rer un remplacement. <\/p>\n<p>[\/et_pb_accordion_item][et_pb_accordion_item title=\u00a0\u00bb3. Si je remplace l&rsquo;appareil ext\u00e9rieur, dois-je aussi remplacer celui \u00e0 l&rsquo;int\u00e9rieur ?\u00a0\u00bb _builder_version=\u00a0\u00bb4.9.4&Prime; _module_preset=\u00a0\u00bbdefault\u00a0\u00bb toggle_level=\u00a0\u00bbh2&Prime; toggle_font=\u00a0\u00bb|800|||||||\u00a0\u00bb open=\u00a0\u00bboff\u00a0\u00bb]<\/p>\n<p>Vous n&rsquo;avez pas \u00e0 remplacer les deux en m\u00eame temps, mais c&rsquo;est g\u00e9n\u00e9ralement plus \u00e9conomique. Des appareils qui sont faits pour travailler ensemble auront un meilleur rendement que des appareils mal assortis. De plus, si un des appareils a une meilleure technologie que l&rsquo;autre, cela pourrait nuire \u00e0 la performance. En rempla\u00e7ant les deux en m\u00eame temps, vous maximisez l&rsquo;efficacit\u00e9 et r\u00e9duisez le co\u00fbt global d&rsquo;\u00e9nergie.<\/p>\n<p>[\/et_pb_accordion_item][et_pb_accordion_item title=\u00a0\u00bb4. De quelle taille d&rsquo;appareil ai-je besoin ?\u00a0\u00bb _builder_version=\u00a0\u00bb4.9.4&Prime; _module_preset=\u00a0\u00bbdefault\u00a0\u00bb toggle_level=\u00a0\u00bbh2&Prime; toggle_font=\u00a0\u00bb|800|||||||\u00a0\u00bb open=\u00a0\u00bboff\u00a0\u00bb]<\/p>\n<p>La taille de l&rsquo;appareil d\u00e9pend de plusieurs facteurs, dont le climat o\u00f9 vous vivez, la superficie de votre b\u00e2timent, le nombre de fen\u00eatres (et leur niveau d&rsquo;isolation), la qualit\u00e9 globale de l&rsquo;isolation, comment se situe la maison (ombre ou soleil), le nombre d&rsquo;appareils qui \u00e9mettent de la chaleur et le nombre de personnes dans cet espace.<\/p>\n<p>[\/et_pb_accordion_item][et_pb_accordion_item title=\u00a0\u00bb5. Pourquoi un climatiseur s&rsquo;arr\u00eate-t-il ?\u00a0\u00bb _builder_version=\u00a0\u00bb4.9.4&Prime; _module_preset=\u00a0\u00bbdefault\u00a0\u00bb toggle_level=\u00a0\u00bbh2&Prime; toggle_font=\u00a0\u00bb|800|||||||\u00a0\u00bb open=\u00a0\u00bboff\u00a0\u00bb]<\/p>\n<p>Il y a cinq raisons qui causent l&rsquo;arr\u00eat du climatiseur : trop faible niveau de r\u00e9frig\u00e9rant, faible flux d&rsquo;air, faible drainage, filtre \u00e0 air sale, et les r\u00e9glages du thermostat.<\/p>\n<p>[\/et_pb_accordion_item][et_pb_accordion_item title=\u00a0\u00bb6. Comment souvent l&rsquo;appareil doit-il \u00eatre entretenu ?\u00a0\u00bb _builder_version=\u00a0\u00bb4.9.4&Prime; _module_preset=\u00a0\u00bbdefault\u00a0\u00bb toggle_level=\u00a0\u00bbh2&Prime; toggle_font=\u00a0\u00bb|800|||||||\u00a0\u00bb open=\u00a0\u00bboff\u00a0\u00bb]<\/p>\n<p>Au moins deux fois par ann\u00e9e, au d\u00e9but du printemps et avant l&rsquo;hiver. Vous pourriez le faire entretenir plus souvent, bien s\u00fbr.<\/p>\n<p>[\/et_pb_accordion_item][et_pb_accordion_item title=\u00a0\u00bb7. Quelle est la meilleure fa\u00e7on d&rsquo;assurer la long\u00e9vit\u00e9 de mon syst\u00e8me CVC ?\u00a0\u00bb _builder_version=\u00a0\u00bb4.9.4&Prime; _module_preset=\u00a0\u00bbdefault\u00a0\u00bb toggle_level=\u00a0\u00bbh2&Prime; toggle_font=\u00a0\u00bb|800|||||||\u00a0\u00bb open=\u00a0\u00bboff\u00a0\u00bb]<\/p>\n<p>L&rsquo;entretien pr\u00e9ventif est la meilleure mani\u00e8re d&rsquo;assurer la long\u00e9vit\u00e9 des syst\u00e8mes de chauffage et climatisation. Assurez-vous de faire inspecter et entretenir votre syst\u00e8me CVC au moins deux fois par ann\u00e9e, avant les saisons de temp\u00e9ratures extr\u00eames.<\/p>\n<p>[\/et_pb_accordion_item][et_pb_accordion_item title=\u00a0\u00bb8. Pourquoi ma fournaise a-t-elle des fuites ?\u00a0\u00bb _builder_version=\u00a0\u00bb4.9.4&Prime; _module_preset=\u00a0\u00bbdefault\u00a0\u00bb toggle_level=\u00a0\u00bbh2&Prime; toggle_font=\u00a0\u00bb|800|||||||\u00a0\u00bb open=\u00a0\u00bboff\u00a0\u00bb]<\/p>\n<p>La raison de la fuite d\u00e9pend du type de fournaise que vous avez. Une fournaise au gaz aura une fuite si le conduit de chemin\u00e9e est trop petit ou mal install\u00e9. Une autre raison est un syst\u00e8me de contr\u00f4le de l&rsquo;humidit\u00e9. Pour les fournaises au gaz \u00e0 haute efficacit\u00e9, la cause peut \u00eatre le conduit de vidange bloqu\u00e9, une conduite endommag\u00e9e et un \u00e9changeur d&rsquo;air endommag\u00e9. Il vaut mieux faire appel \u00e0 un entrepreneur CVC si vous suspectez une fuite.<\/p>\n<p>[\/et_pb_accordion_item][et_pb_accordion_item title=\u00a0\u00bb9. Comment d\u00e9tecter une fuite du r\u00e9frig\u00e9rant du climatiseur ?\u00a0\u00bb _builder_version=\u00a0\u00bb4.9.4&Prime; _module_preset=\u00a0\u00bbdefault\u00a0\u00bb toggle_level=\u00a0\u00bbh2&Prime; toggle_font=\u00a0\u00bb|800|||||||\u00a0\u00bb open=\u00a0\u00bboff\u00a0\u00bb]<\/p>\n<p>\u00c0 un moment donn\u00e9, votre climatiseur aura une fuite. C&rsquo;est un des probl\u00e8mes les plus courants. Mais une fuite du r\u00e9frig\u00e9rant peut causer d&rsquo;autres probl\u00e8mes. Il vaut mieux appeler un professionnel si vous pensez que votre climatiseur a une fuite de r\u00e9frig\u00e9rant. Il aura les bons outils pour effectuer des tests : lumi\u00e8re UV, pression ou teinture fluorescente.<\/p>\n<p>[\/et_pb_accordion_item][et_pb_accordion_item title=\u00a0\u00bb10. Comment puis-je am\u00e9liorer la qualit\u00e9 de l&rsquo;air int\u00e9rieur ?\u00a0\u00bb _builder_version=\u00a0\u00bb4.9.4&Prime; _module_preset=\u00a0\u00bbdefault\u00a0\u00bb toggle_level=\u00a0\u00bbh2&Prime; toggle_font=\u00a0\u00bb|800|||||||\u00a0\u00bb open=\u00a0\u00bboff\u00a0\u00bb]<\/p>\n<p>La meilleure fa\u00e7on d&rsquo;am\u00e9liorer la qualit\u00e9 de l&rsquo;air de votre maison ou de votre lieu de travail est de garder votre syst\u00e8me CVC bien entretenu. Si votre syst\u00e8me est \u00e2g\u00e9, ou s&rsquo;il n&rsquo;a pas re\u00e7u d&rsquo;entretien pr\u00e9ventif r\u00e9cemment, vos factures d&rsquo;\u00e9nergie augmenteront et des contaminants se retrouveront dans l&rsquo;air. Parfois, il faut remplacer le syst\u00e8me pour am\u00e9liorer la qualit\u00e9 de l&rsquo;air int\u00e9rieur. Nous vous recommandons \u00e9galement de rechercher des produits Energy Star, de consid\u00e9rer un mini syst\u00e8me \u00e0 double fonction pour la chambre \u00e0 coucher et d&rsquo;acheter un thermostat intelligent.<\/p>\n<p>[\/et_pb_accordion_item][\/et_pb_accordion][et_pb_image src=\u00a0\u00bbhttps:\/\/clementchauffage.com\/wp-content\/uploads\/2021\/06\/hvac-faq.jpg\u00a0\u00bb alt=\u00a0\u00bbFAQ CVC\u00a0\u00bb title_text=\u00a0\u00bbcvc-faq\u00a0\u00bb _builder_version=\u00a0\u00bb4.9.7&Prime; _module_preset=\u00a0\u00bbdefault\u00a0\u00bb][\/et_pb_image][\/et_pb_column][\/et_pb_row][\/et_pb_section][et_pb_section fb_built=\u00a0\u00bb1&Prime; _builder_version=\u00a0\u00bb4.9.4&Prime; _module_preset=\u00a0\u00bbdefault\u00a0\u00bb background_enable_color=\u00a0\u00bboff\u00a0\u00bb background_image=\u00a0\u00bbhttps:\/\/clementchauffage.com\/wp-content\/uploads\/2021\/05\/background-blend.jpg\u00a0\u00bb global_module=\u00a0\u00bb249&Prime; saved_tabs=\u00a0\u00bball\u00a0\u00bb][et_pb_row _builder_version=\u00a0\u00bb4.9.4&Prime; _module_preset=\u00a0\u00bbdefault\u00a0\u00bb max_width=\u00a0\u00bb867px\u00a0\u00bb][et_pb_column type=\u00a0\u00bb4_4&Prime; _builder_version=\u00a0\u00bb4.9.4&Prime; _module_preset=\u00a0\u00bbdefault\u00a0\u00bb][et_pb_text _builder_version=\u00a0\u00bb4.9.4&Prime; _module_preset=\u00a0\u00bbdefault\u00a0\u00bb text_font=\u00a0\u00bb||||||||\u00a0\u00bb text_text_color=\u00a0\u00bb#000000&Prime; text_font_size=\u00a0\u00bb23px\u00a0\u00bb text_orientation=\u00a0\u00bbcenter\u00a0\u00bb]<\/p>\n<p>\u00cates-vous \u00e0 l\u2019est d\u2019Ottawa et cherchez-vous une entreprise fiable en chauffage et climatisation ? Nous attendons votre appel !<\/p>\n<p>[\/et_pb_text][et_pb_button button_url=\u00a0\u00bb@ET-DC@eyJkeW5hbWljIjp0cnVlLCJjb250ZW50IjoicG9zdF9saW5rX3VybF9wYWdlIiwic2V0dGluZ3MiOnsicG9zdF9pZCI6IjI0In19@\u00a0\u00bb button_text=\u00a0\u00bbSoumission gratuite \u00a0\u00bb button_alignment=\u00a0\u00bbcenter\u00a0\u00bb _builder_version=\u00a0\u00bb4.9.4&Prime; _dynamic_attributes=\u00a0\u00bbbutton_url\u00a0\u00bb _module_preset=\u00a0\u00bbdefault\u00a0\u00bb custom_button=\u00a0\u00bbon\u00a0\u00bb button_text_size=\u00a0\u00bb22px\u00a0\u00bb button_text_color=\u00a0\u00bb#FFFFFF\u00a0\u00bb button_bg_color=\u00a0\u00bb#f8a813&Prime; button_border_color=\u00a0\u00bb#FFFFFF\u00a0\u00bb button_border_radius=\u00a0\u00bb30px\u00a0\u00bb button_font=\u00a0\u00bb|800|||||||\u00a0\u00bb button_use_icon=\u00a0\u00bboff\u00a0\u00bb box_shadow_style=\u00a0\u00bbpreset1&Prime; box_shadow_color=\u00a0\u00bbrgba(248,168,19,0.65)\u00a0\u00bb button_bg_color__hover_enabled=\u00a0\u00bbon|hover\u00a0\u00bb button_bg_color__hover=\u00a0\u00bb#f37321&Prime; button_bg_enable_color__hover=\u00a0\u00bbon\u00a0\u00bb][\/et_pb_button][\/et_pb_column][\/et_pb_row][\/et_pb_section]<\/p>\n","protected":false},"excerpt":{"rendered":"<p>FAQ CVCNous recevons beaucoup de questions \u00e0 propos du CVC. Consultez les questions les plus courantes ci-apr\u00e8s. Si la r\u00e9ponse que vous cherchez n&rsquo;y est pas, faites-le-nous savoir !CVC est un acronyme pour chauffage-ventilation-climatisation. C&rsquo;est un terme g\u00e9n\u00e9rique pour parler des syst\u00e8mes de chauffage et de climatisation de maisons, entreprises ou v\u00e9hicules. L&rsquo;\u00e9quipement CVC se [&hellip;]<\/p>\n","protected":false},"author":1,"featured_media":0,"parent":0,"menu_order":0,"comment_status":"closed","ping_status":"closed","template":"","meta":{"_et_pb_use_builder":"on","_et_pb_old_content":"","_et_gb_content_width":"","footnotes":""},"class_list":["post-742","page","type-page","status-publish","hentry"],"_links":{"self":[{"href":"https:\/\/clementchauffage.com\/fr\/wp-json\/wp\/v2\/pages\/742","targetHints":{"allow":["GET"]}}],"collection":[{"href":"https:\/\/clementchauffage.com\/fr\/wp-json\/wp\/v2\/pages"}],"about":[{"href":"https:\/\/clementchauffage.com\/fr\/wp-json\/wp\/v2\/types\/page"}],"author":[{"embeddable":true,"href":"https:\/\/clementchauffage.com\/fr\/wp-json\/wp\/v2\/users\/1"}],"replies":[{"embeddable":true,"href":"https:\/\/clementchauffage.com\/fr\/wp-json\/wp\/v2\/comments?post=742"}],"version-history":[{"count":7,"href":"https:\/\/clementchauffage.com\/fr\/wp-json\/wp\/v2\/pages\/742\/revisions"}],"predecessor-version":[{"id":867,"href":"https:\/\/clementchauffage.com\/fr\/wp-json\/wp\/v2\/pages\/742\/revisions\/867"}],"wp:attachment":[{"href":"https:\/\/clementchauffage.com\/fr\/wp-json\/wp\/v2\/media?parent=742"}],"curies":[{"name":"wp","href":"https:\/\/api.w.org\/{rel}","templated":true}]}}