{"id":754,"date":"2021-06-30T06:04:46","date_gmt":"2021-06-30T06:04:46","guid":{"rendered":"https:\/\/clement.nddesign.ca\/politique-de-confidentialite"},"modified":"2021-06-30T06:05:04","modified_gmt":"2021-06-30T06:05:04","slug":"politique-de-confidentialite","status":"publish","type":"page","link":"https:\/\/clementchauffage.com\/fr\/politique-de-confidentialite","title":{"rendered":"Politique de confidentialit\u00e9"},"content":{"rendered":"<p>[et_pb_section fb_built=\u00a0\u00bb1&Prime; _builder_version=\u00a0\u00bb4.9.4&Prime; _module_preset=\u00a0\u00bbdefault\u00a0\u00bb background_image=\u00a0\u00bbhttps:\/\/clementchauffage.com\/wp-content\/uploads\/2021\/05\/background-gold.jpg\u00a0\u00bb custom_padding=\u00a0\u00bb50px||50px||false|false\u00a0\u00bb][et_pb_row _builder_version=\u00a0\u00bb4.9.4&Prime; _module_preset=\u00a0\u00bbdefault\u00a0\u00bb][et_pb_column type=\u00a0\u00bb4_4&Prime; _builder_version=\u00a0\u00bb4.9.4&Prime; _module_preset=\u00a0\u00bbdefault\u00a0\u00bb][et_pb_text _builder_version=\u00a0\u00bb4.9.4&Prime; _module_preset=\u00a0\u00bbdefault\u00a0\u00bb header_font=\u00a0\u00bb|800|||||||\u00a0\u00bb header_text_align=\u00a0\u00bbcenter\u00a0\u00bb header_text_color=\u00a0\u00bb#FFFFFF\u00a0\u00bb header_text_shadow_style=\u00a0\u00bbpreset3&Prime; header_text_shadow_color=\u00a0\u00bb#916f00&Prime;]<\/p>\n<h1>Politique de confidentialit\u00e9<\/h1>\n<p>[\/et_pb_text][\/et_pb_column][\/et_pb_row][\/et_pb_section][et_pb_section fb_built=\u00a0\u00bb1&Prime; _builder_version=\u00a0\u00bb4.9.4&Prime; _module_preset=\u00a0\u00bbdefault\u00a0\u00bb custom_padding=\u00a0\u00bb||||false|false\u00a0\u00bb][et_pb_row use_custom_gutter=\u00a0\u00bbon\u00a0\u00bb gutter_width=\u00a0\u00bb2&Prime; _builder_version=\u00a0\u00bb4.9.4&Prime; _module_preset=\u00a0\u00bbdefault\u00a0\u00bb][et_pb_column type=\u00a0\u00bb4_4&Prime; _builder_version=\u00a0\u00bb4.9.4&Prime; _module_preset=\u00a0\u00bbdefault\u00a0\u00bb][et_pb_text _builder_version=\u00a0\u00bb4.9.4&Prime; _module_preset=\u00a0\u00bbdefault\u00a0\u00bb]<\/p>\n<p>Cette politique de confidentialit\u00e9 explique comment vos renseignements personnels sont recueillis, utilis\u00e9s et partag\u00e9s lorsque vous visitez clementchauffage.com (le \u00ab Site \u00bb).<\/p>\n<p><strong>RENSEIGNEMENTS PERSONNELS RECUEILLIS<\/strong><\/p>\n<p>Lorsque vous visitez le Site, nous recueillons automatiquement certains renseignements au sujet de votre dispositif, dont votre fureteur Web, votre adresse IP, votre fuseau horaire et certains des t\u00e9moins install\u00e9s sur votre dispositif. De plus, pendant que vous naviguez sur le Site, nous recueillons l&rsquo;information au sujet des pages Web ou des produits que vous regardez, des sites Web ou des termes de recherche qui vous ont recommand\u00e9 notre Site, et de la fa\u00e7on dont vous interagissez avec le Site. Nous appelons ces renseignements recueillis automatiquement des \u00ab Renseignements sur le dispositif \u00bb.<\/p>\n<p>Nous recueillons ces renseignements en utilisant les technologies suivantes : <\/p>\n<p>\u00a0\u00a0\u00a0 &#8211; \u2022\t\u00ab Fichier journal \u00bb suit les actions sur le Site et recueille des donn\u00e9es comme votre adresse IP, le type de fureteur, le fournisseur de service Internet, les pages de recommandation et de sortie, la date et l&rsquo;heure.<\/p>\n<p>\u00a0\u00a0\u00a0 &#8211; \u2022\t\u00ab Balises Web \u00bb, \u00ab marqueurs \u00bb et \u00ab pixels \u00bb sont des fichiers \u00e9lectroniques utilis\u00e9s pour consigner l&rsquo;information sur la fa\u00e7on dont vous naviguez sur le Site. <\/p>\n<p>De plus, lorsque vous remplissez notre formulaire de soumission, nous recueillons certains renseignements \u00e0 votre sujet, comme votre nom, votre adresse, votre courriel et votre num\u00e9ro de t\u00e9l\u00e9phone. Nous appelons ces renseignements \u00ab Information de soumission \u00bb.<\/p>\n<p>Lorsque nous parlons de \u00ab Renseignements personnels \u00bb dans cette politique de confidentialit\u00e9, nous parlons de \u00ab Renseignements sur le dispositif \u00bb et d&rsquo;\u00ab Information de soumission \u00bb. <\/p>\n<p><strong>COMMENT UTILISONS-NOUS VOS RENSEIGNEMENTS PERSONNELS ?<\/strong><\/p>\n<p>Nous utilisons g\u00e9n\u00e9ralement les renseignements recueillis dans l&rsquo;\u00ab Information de soumission \u00bb pour vous fournir une estimation pour les travaux et pour communiquer avec vous.<\/p>\n<p>Nous utilisons les \u00ab Renseignements sur le dispositif \u00bb recueillis pour nous aider \u00e0 d\u00e9busquer de possibles risques ou fraudes (en particulier votre adresse IP), et de fa\u00e7on plus g\u00e9n\u00e9rale, pour am\u00e9liorer et optimiser notre Site (par exemple pour produire des analyses sur la mani\u00e8re dont nos clients naviguent et interagissent avec le Site, et pour \u00e9valuer le succ\u00e8s de nos campagnes marketing et publicitaires).<\/p>\n<p><strong>PARTAGE DE VOS RENSEIGNEMENTS PERSONNELS<\/strong><\/p>\n<p>Nous partageons vos renseignements personnels avec des parties tierces afin qu&rsquo;ils nous aident \u00e0 utiliser vos renseignements personnels comme d\u00e9crits pr\u00e9c\u00e9demment. Par exemple, nous utilisons Google Analytics pour nous aider \u00e0 comprendre comment nos clients utilisent le Site. Vous pouvez en apprendre plus sur la fa\u00e7on dont Google utilise vos renseignements personnels en cliquant ici : https:\/\/www.google.com\/intl\/en\/policies\/privacy\/. Vous pouvez \u00e9galement refuser de donner vos renseignements personnels \u00e0 Google Analytics en cliquant ici : https:\/\/tools.google.com\/dlpage\/gaoptout.\u00a0<\/p>\n<p>Finalement, nous pouvons aussi partager vos renseignements personnels afin de nous conformer aux lois et r\u00e8glements en vigueur, pour r\u00e9pondre \u00e0 une citation \u00e0 compara\u00eetre, un mandat de perquisition ou autre demande l\u00e9gale au sujet de l&rsquo;information que nous d\u00e9tenons, ou autrement d\u00e9fendre nos droits <\/p>\n<p><strong>NE PAS SUIVRE<\/strong><\/p>\n<p>Veuillez noter que nous ne changeons pas la cueillette des donn\u00e9es et nos pratiques d&rsquo;utilisation lorsque nous recevons un message de \u00ab ne pas suivre \u00bb de votre fureteur.<\/p>\n<p><strong>CONSERVATION DES DONN\u00c9ES<\/strong><\/p>\n<p>Lorsque vous soumettez un formulaire de soumission sur le Site, nous garderons l&rsquo;information en dossier \u00e0 moins ou jusqu&rsquo;\u00e0 ce que vous nous demandiez de d\u00e9truire l&rsquo;information.\u00a0<\/p>\n<p><strong>MODIFICATIONS<\/strong><\/p>\n<p>Nous pouvons modifier cette politique de confidentialit\u00e9 \u00e0 l&rsquo;occasion, de fa\u00e7on \u00e0 refl\u00e9ter des changements dans nos pratiques ou pour toute autre raison d&rsquo;ordre op\u00e9rationnel, l\u00e9gal ou r\u00e9glementaire..<\/p>\n<p><strong>CONTACTEZ-NOUS<\/strong><\/p>\n<p>Pour plus d&rsquo;information au sujet de nos pratiques de confidentialit\u00e9, ou si vous avez des questions, ou si vous vouliez d\u00e9poser une plainte, veuillez communiquer avec nous par courriel \u00e0 eric.chauffage.clement@gmail.com, ou par la poste \u00e0 l&rsquo;adresse suivante :<br \/>\n2696, Old Hwy 17, Rockland, (Ontario)  K4K 1W3, Canada\n<\/p>\n<p>[\/et_pb_text][\/et_pb_column][\/et_pb_row][\/et_pb_section]<\/p>\n","protected":false},"excerpt":{"rendered":"<p>Politique de confidentialit\u00e9Cette politique de confidentialit\u00e9 explique comment vos renseignements personnels sont recueillis, utilis\u00e9s et partag\u00e9s lorsque vous visitez clementchauffage.com (le \u00ab Site \u00bb). RENSEIGNEMENTS PERSONNELS RECUEILLIS Lorsque vous visitez le Site, nous recueillons automatiquement certains renseignements au sujet de votre dispositif, dont votre fureteur Web, votre adresse IP, votre fuseau horaire et certains des [&hellip;]<\/p>\n","protected":false},"author":1,"featured_media":0,"parent":0,"menu_order":0,"comment_status":"closed","ping_status":"open","template":"","meta":{"_et_pb_use_builder":"on","_et_pb_old_content":"","_et_gb_content_width":"","footnotes":""},"class_list":["post-754","page","type-page","status-publish","hentry"],"_links":{"self":[{"href":"https:\/\/clementchauffage.com\/fr\/wp-json\/wp\/v2\/pages\/754","targetHints":{"allow":["GET"]}}],"collection":[{"href":"https:\/\/clementchauffage.com\/fr\/wp-json\/wp\/v2\/pages"}],"about":[{"href":"https:\/\/clementchauffage.com\/fr\/wp-json\/wp\/v2\/types\/page"}],"author":[{"embeddable":true,"href":"https:\/\/clementchauffage.com\/fr\/wp-json\/wp\/v2\/users\/1"}],"replies":[{"embeddable":true,"href":"https:\/\/clementchauffage.com\/fr\/wp-json\/wp\/v2\/comments?post=754"}],"version-history":[{"count":5,"href":"https:\/\/clementchauffage.com\/fr\/wp-json\/wp\/v2\/pages\/754\/revisions"}],"predecessor-version":[{"id":759,"href":"https:\/\/clementchauffage.com\/fr\/wp-json\/wp\/v2\/pages\/754\/revisions\/759"}],"wp:attachment":[{"href":"https:\/\/clementchauffage.com\/fr\/wp-json\/wp\/v2\/media?parent=754"}],"curies":[{"name":"wp","href":"https:\/\/api.w.org\/{rel}","templated":true}]}}